{"id":794,"date":"2023-11-07T10:31:16","date_gmt":"2023-11-07T13:31:16","guid":{"rendered":"https:\/\/artewebmidia.com.br\/infinita\/?post_type=product&#038;p=794"},"modified":"2023-11-14T16:01:23","modified_gmt":"2023-11-14T19:01:23","slug":"tri-mag-day","status":"publish","type":"product","link":"https:\/\/artewebmidia.com.br\/infinita\/produto\/tri-mag-day\/","title":{"rendered":"TRI MAG DAY C\u00c1PSULAS"},"content":{"rendered":"<p>\u25cf F\u00f3rmula balanceada e exclusiva \u201cDay Cell Biomodulation\u201d.<br \/>\n\u25cf Extrema concentra\u00e7\u00e3o de ativos naturais que auxiliam na biomodula\u00e7\u00e3o celular.<br \/>\n\u25cf Termog\u00eanico natural enriquecido com amino\u00e1cidos essenciais e vitais para o organismo.<br \/>\n\u25cf Atua na redu\u00e7\u00e3o das gorduras localizadas e celulites.<br \/>\n\u25cf Atua na redu\u00e7\u00e3o do incha\u00e7o e reten\u00e7\u00e3o de l\u00edquidos.<br \/>\n\u25cf Auxilia no controle dos n\u00edveis do colesterol ruim eglicemia.<br \/>\n\u25cf Melhora e protege o funcionamento do f\u00edgado (Metionina).<br \/>\n\u25cf Melhora o sistema imunol\u00f3gico e atividade mental.<br \/>\n\u25cf Melhora da circula\u00e7\u00e3o sangu\u00ednea e sistema card\u00edaco.<br \/>\n\u25cf Alta concentra\u00e7\u00e3o de BCAA, melhorando a resist\u00eancia, rendimento e disposi\u00e7\u00e3o nas atividades f\u00edsicas.<br \/>\n\u25cf Possui a\u00e7\u00e3o antioxidante combatendo os radicais livres, prevenindo o envelhecimento precoce.<\/p>\n","protected":false},"excerpt":{"rendered":"<p>C\u00e1psulas com a mais pura tecnologia internacional em suplementa\u00e7\u00e3o alimentar. Desenvolvido com 3 formas de magn\u00e9sio e subst\u00e2ncias bioativas que atuam diretamente na biomodula\u00e7\u00e3o celular que o nosso organismo necessita.<\/p>\n<p>60 c\u00e1psulas<\/p>\n","protected":false},"featured_media":1094,"comment_status":"open","ping_status":"closed","template":"","meta":{"_joinchat":[]},"product_brand":[],"product_cat":[24],"product_tag":[],"class_list":{"0":"post-794","1":"product","2":"type-product","3":"status-publish","4":"has-post-thumbnail","6":"product_cat-saude","8":"first","9":"instock","10":"shipping-taxable","11":"purchasable","12":"product-type-simple"},"_links":{"self":[{"href":"https:\/\/artewebmidia.com.br\/infinita\/wp-json\/wp\/v2\/product\/794","targetHints":{"allow":["GET"]}}],"collection":[{"href":"https:\/\/artewebmidia.com.br\/infinita\/wp-json\/wp\/v2\/product"}],"about":[{"href":"https:\/\/artewebmidia.com.br\/infinita\/wp-json\/wp\/v2\/types\/product"}],"replies":[{"embeddable":true,"href":"https:\/\/artewebmidia.com.br\/infinita\/wp-json\/wp\/v2\/comments?post=794"}],"wp:featuredmedia":[{"embeddable":true,"href":"https:\/\/artewebmidia.com.br\/infinita\/wp-json\/wp\/v2\/media\/1094"}],"wp:attachment":[{"href":"https:\/\/artewebmidia.com.br\/infinita\/wp-json\/wp\/v2\/media?parent=794"}],"wp:term":[{"taxonomy":"product_brand","embeddable":true,"href":"https:\/\/artewebmidia.com.br\/infinita\/wp-json\/wp\/v2\/product_brand?post=794"},{"taxonomy":"product_cat","embeddable":true,"href":"https:\/\/artewebmidia.com.br\/infinita\/wp-json\/wp\/v2\/product_cat?post=794"},{"taxonomy":"product_tag","embeddable":true,"href":"https:\/\/artewebmidia.com.br\/infinita\/wp-json\/wp\/v2\/product_tag?post=794"}],"curies":[{"name":"wp","href":"https:\/\/api.w.org\/{rel}","templated":true}]}}