{"id":797,"date":"2023-11-07T10:44:25","date_gmt":"2023-11-07T13:44:25","guid":{"rendered":"https:\/\/artewebmidia.com.br\/infinita\/?post_type=product&#038;p=797"},"modified":"2023-11-14T16:02:40","modified_gmt":"2023-11-14T19:02:40","slug":"uno-mag-night","status":"publish","type":"product","link":"https:\/\/artewebmidia.com.br\/infinita\/produto\/uno-mag-night\/","title":{"rendered":"UNO MAG NIGHT C\u00c1PSULAS"},"content":{"rendered":"<p>\u25cf Tecnologia internacional em suplementa\u00e7\u00e3o alimentar.<br \/>\n\u25cf F\u00f3rmula balanceada e exclusiva \u201cNight Cell Biomodulation\u201d.<br \/>\n\u25cf Extrema concentra\u00e7\u00e3o de ativos naturais que auxiliam na biomodula\u00e7\u00e3o celular.<br \/>\n\u25cf Atua na redu\u00e7\u00e3o das gorduras localizadas e celulites.<br \/>\n\u25cf Atua na repara\u00e7\u00e3o do sono.<br \/>\n\u25cf Auxilia no controle dos n\u00edveis do colesterol ruim e glicemia.<br \/>\n\u25cf Possui a\u00e7\u00e3o diur\u00e9tica, ajudando a desintoxicar o organismo.<br \/>\n\u25cf Melhora o sistema imunol\u00f3gico e atividade mental.<br \/>\n\u25cf Melhora da circula\u00e7\u00e3o sangu\u00ednea e sistema card\u00edaco.<br \/>\n\u25cf Possui a\u00e7\u00e3o antioxidante combatendo os radicais livres, prevenindo o envelhecimento precoce.<\/p>\n","protected":false},"excerpt":{"rendered":"<p>C\u00e1psulas com a mais pura tecnologia internacional em suplementa\u00e7\u00e3o alimentar. Desenvolvido com Treonato de Magn\u00e9sio, Zinco e Vitaminas bioativas que atuam diretamente na biomodula\u00e7\u00e3o celular, muscular e na repara\u00e7\u00e3o do sono.<\/p>\n<p>60 c\u00e1psulas<\/p>\n","protected":false},"featured_media":1093,"comment_status":"open","ping_status":"closed","template":"","meta":{"_joinchat":[]},"product_brand":[],"product_cat":[24],"product_tag":[],"class_list":{"0":"post-797","1":"product","2":"type-product","3":"status-publish","4":"has-post-thumbnail","6":"product_cat-saude","8":"first","9":"instock","10":"shipping-taxable","11":"purchasable","12":"product-type-simple"},"_links":{"self":[{"href":"https:\/\/artewebmidia.com.br\/infinita\/wp-json\/wp\/v2\/product\/797","targetHints":{"allow":["GET"]}}],"collection":[{"href":"https:\/\/artewebmidia.com.br\/infinita\/wp-json\/wp\/v2\/product"}],"about":[{"href":"https:\/\/artewebmidia.com.br\/infinita\/wp-json\/wp\/v2\/types\/product"}],"replies":[{"embeddable":true,"href":"https:\/\/artewebmidia.com.br\/infinita\/wp-json\/wp\/v2\/comments?post=797"}],"wp:featuredmedia":[{"embeddable":true,"href":"https:\/\/artewebmidia.com.br\/infinita\/wp-json\/wp\/v2\/media\/1093"}],"wp:attachment":[{"href":"https:\/\/artewebmidia.com.br\/infinita\/wp-json\/wp\/v2\/media?parent=797"}],"wp:term":[{"taxonomy":"product_brand","embeddable":true,"href":"https:\/\/artewebmidia.com.br\/infinita\/wp-json\/wp\/v2\/product_brand?post=797"},{"taxonomy":"product_cat","embeddable":true,"href":"https:\/\/artewebmidia.com.br\/infinita\/wp-json\/wp\/v2\/product_cat?post=797"},{"taxonomy":"product_tag","embeddable":true,"href":"https:\/\/artewebmidia.com.br\/infinita\/wp-json\/wp\/v2\/product_tag?post=797"}],"curies":[{"name":"wp","href":"https:\/\/api.w.org\/{rel}","templated":true}]}}