{"id":801,"date":"2023-11-07T10:59:37","date_gmt":"2023-11-07T13:59:37","guid":{"rendered":"https:\/\/artewebmidia.com.br\/infinita\/?post_type=product&#038;p=801"},"modified":"2023-11-14T16:20:16","modified_gmt":"2023-11-14T19:20:16","slug":"nano-hair-growth","status":"publish","type":"product","link":"https:\/\/artewebmidia.com.br\/infinita\/produto\/nano-hair-growth\/","title":{"rendered":"NANO HAIR GROWTH C\u00c1PSULAS"},"content":{"rendered":"<p>\u25cf PREVEN\u00c7\u00c3O DA CALV\u00cdCIE &#8211; Trata os fol\u00edculos capilares de dentro para fora, desde o couro cabeludo. Faz com que o couro cabeludo permane\u00e7a saud\u00e1vel e menos prop\u00edcio a perda de cabelo, melhorando o aspecto do fio e reduzindo o seu ressecamento.<br \/>\n\u25cf PREENCHIMENTO DOS FIOS &#8211; Atrav\u00e9s de um mecanismo de a\u00e7\u00e3o inteligente, estas c\u00e1psulas preenchem tanto as falhas do cabelo, quanto da barba; deixando-os com uma apar\u00eancia mais bonita e homog\u00eanea.<br \/>\n\u25cf CRESCIMENTO ACELERADO &#8211; Com sua f\u00f3rmula exclusiva e tecnol\u00f3gica \u201cForce anda Capillary Vitality\u201d, acelera o crescimento dos fios de forma r\u00e1pida e saud\u00e1vel. Dessa forma, voc\u00ea poder\u00e1 ter o cabelo e a barba no comprimento que sempre sonhou em pouco tempo.<br \/>\n\u25cf FORTALECIMENTO E VITALIDADE &#8211; Com a tecnologia que age de dentro para fora e com os ingredientes ativos, especificamente<br \/>\ndosados para o crescimento sadio dos cabelos, estes s\u00e3o conduzidos \u00e0 camada de germina\u00e7\u00e3o das ra\u00edzes no couro cabeludo, onde desenvolvem seu efeito amplo e abrangente, al\u00e9m de Hidrata\u00e7\u00e3o e Nutri\u00e7\u00e3o Profunda<\/p>\n","protected":false},"excerpt":{"rendered":"<p>C\u00e1psulas com a mais pura tecnologia mundial em<br \/>\nsuplementa\u00e7\u00e3o alimentar. Agem diretamente<br \/>\ncomo auxiliar no Fortalecimento, Crescimento e<br \/>\nVitalidade Capilar. Elaboradas com Ingredientes<br \/>\nAtivos Selecionados e Fitoter\u00e1picos, Vitaminas,<br \/>\nMinerais Quelados e Amino\u00e1cidos que agem<br \/>\ndiretamente no bulbo capilar, fazendo seus fios<br \/>\ncrescerem aceleradamente nos primeiros meses<br \/>\nde uso, nutrindo, trazendo brilho e maciez, al\u00e9m<br \/>\nde auxiliar no combate a queda dos fios nas<br \/>\nprimeiras semanas de tratamento, prevenindo a<br \/>\ncalv\u00edcie e preenchendo as falhas.<\/p>\n<p>60 c\u00e1psulas<\/p>\n","protected":false},"featured_media":1096,"comment_status":"open","ping_status":"closed","template":"","meta":{"_joinchat":[]},"product_brand":[],"product_cat":[23],"product_tag":[],"class_list":{"0":"post-801","1":"product","2":"type-product","3":"status-publish","4":"has-post-thumbnail","6":"product_cat-cabelo","8":"first","9":"instock","10":"shipping-taxable","11":"purchasable","12":"product-type-simple"},"_links":{"self":[{"href":"https:\/\/artewebmidia.com.br\/infinita\/wp-json\/wp\/v2\/product\/801","targetHints":{"allow":["GET"]}}],"collection":[{"href":"https:\/\/artewebmidia.com.br\/infinita\/wp-json\/wp\/v2\/product"}],"about":[{"href":"https:\/\/artewebmidia.com.br\/infinita\/wp-json\/wp\/v2\/types\/product"}],"replies":[{"embeddable":true,"href":"https:\/\/artewebmidia.com.br\/infinita\/wp-json\/wp\/v2\/comments?post=801"}],"wp:featuredmedia":[{"embeddable":true,"href":"https:\/\/artewebmidia.com.br\/infinita\/wp-json\/wp\/v2\/media\/1096"}],"wp:attachment":[{"href":"https:\/\/artewebmidia.com.br\/infinita\/wp-json\/wp\/v2\/media?parent=801"}],"wp:term":[{"taxonomy":"product_brand","embeddable":true,"href":"https:\/\/artewebmidia.com.br\/infinita\/wp-json\/wp\/v2\/product_brand?post=801"},{"taxonomy":"product_cat","embeddable":true,"href":"https:\/\/artewebmidia.com.br\/infinita\/wp-json\/wp\/v2\/product_cat?post=801"},{"taxonomy":"product_tag","embeddable":true,"href":"https:\/\/artewebmidia.com.br\/infinita\/wp-json\/wp\/v2\/product_tag?post=801"}],"curies":[{"name":"wp","href":"https:\/\/api.w.org\/{rel}","templated":true}]}}