{"id":803,"date":"2023-11-07T11:16:14","date_gmt":"2023-11-07T14:16:14","guid":{"rendered":"https:\/\/artewebmidia.com.br\/infinita\/?post_type=product&#038;p=803"},"modified":"2023-11-08T16:33:31","modified_gmt":"2023-11-08T19:33:31","slug":"hyaluron-booster","status":"publish","type":"product","link":"https:\/\/artewebmidia.com.br\/infinita\/produto\/hyaluron-booster\/","title":{"rendered":"HYALURON BOOSTER"},"content":{"rendered":"<p>\u25cf Redensificador oral de alta performance.<br \/>\n\u25cf Anti aging de efic\u00e1cia m\u00e1xima.<br \/>\n\u25cf Preenchedor profundo.<br \/>\n\u25cf Firmador e volumizador.<br \/>\n\u25cf A\u00e7\u00e3o clareadora e iluminadora.<br \/>\n\u25cf Regenerador da pele, reduzindo as rugas e manchas;<br \/>\n\u25cf Aumenta a elasticidade e estimula aa s\u00edntese de col\u00e1geno.<br \/>\n\u25cf Evita unhas quebradi\u00e7as e opacas, auxiliando no fortalecimento e crescimento;<br \/>\n\u25cf Regenera a estrutura capilar, deixando-a mais resistente.<br \/>\n\u25cf Ameniza todos os sinais do envelhecimento.<br \/>\n\u25cf Perfeito para manter a pele jovem, bonita e saud\u00e1vel.<\/p>\n","protected":false},"excerpt":{"rendered":"<p>O Hyaluron Booster \u00e9 uma combina\u00e7\u00e3o exclusiva de ingredientes de alta performance para rendensifica\u00e7\u00e3o da pele. Atua diretamente<br \/>\nreduzindo os sinais iniciais do envelhecimento, aumentando a sustenta\u00e7\u00e3o e a firmeza da pele.<\/p>\n","protected":false},"featured_media":804,"comment_status":"open","ping_status":"closed","template":"","meta":{"_joinchat":[]},"product_brand":[],"product_cat":[24],"product_tag":[],"class_list":{"0":"post-803","1":"product","2":"type-product","3":"status-publish","4":"has-post-thumbnail","6":"product_cat-saude","8":"first","9":"instock","10":"shipping-taxable","11":"purchasable","12":"product-type-simple"},"_links":{"self":[{"href":"https:\/\/artewebmidia.com.br\/infinita\/wp-json\/wp\/v2\/product\/803","targetHints":{"allow":["GET"]}}],"collection":[{"href":"https:\/\/artewebmidia.com.br\/infinita\/wp-json\/wp\/v2\/product"}],"about":[{"href":"https:\/\/artewebmidia.com.br\/infinita\/wp-json\/wp\/v2\/types\/product"}],"replies":[{"embeddable":true,"href":"https:\/\/artewebmidia.com.br\/infinita\/wp-json\/wp\/v2\/comments?post=803"}],"wp:featuredmedia":[{"embeddable":true,"href":"https:\/\/artewebmidia.com.br\/infinita\/wp-json\/wp\/v2\/media\/804"}],"wp:attachment":[{"href":"https:\/\/artewebmidia.com.br\/infinita\/wp-json\/wp\/v2\/media?parent=803"}],"wp:term":[{"taxonomy":"product_brand","embeddable":true,"href":"https:\/\/artewebmidia.com.br\/infinita\/wp-json\/wp\/v2\/product_brand?post=803"},{"taxonomy":"product_cat","embeddable":true,"href":"https:\/\/artewebmidia.com.br\/infinita\/wp-json\/wp\/v2\/product_cat?post=803"},{"taxonomy":"product_tag","embeddable":true,"href":"https:\/\/artewebmidia.com.br\/infinita\/wp-json\/wp\/v2\/product_tag?post=803"}],"curies":[{"name":"wp","href":"https:\/\/api.w.org\/{rel}","templated":true}]}}