{"id":855,"date":"2023-11-08T11:00:18","date_gmt":"2023-11-08T14:00:18","guid":{"rendered":"https:\/\/artewebmidia.com.br\/infinita\/?post_type=product&#038;p=855"},"modified":"2023-11-08T11:56:45","modified_gmt":"2023-11-08T14:56:45","slug":"protetor-labial-nano-pantol","status":"publish","type":"product","link":"https:\/\/artewebmidia.com.br\/infinita\/produto\/protetor-labial-nano-pantol\/","title":{"rendered":"PROTETOR LABIAL NANO PANTOL"},"content":{"rendered":"<p>NANOPANTOL \u00e9 tudo que voc\u00ea precisava para manter sua pele renovada e saud\u00e1vel.<br \/>\nSua f\u00f3rmula exclusiva cont\u00e9m avan\u00e7ada tecnologia das nanopart\u00edculas em sinergia com \u00f3leos vegetais que protegem a pele do<br \/>\nressecamento e ajudam na renova\u00e7\u00e3o natural.<br \/>\nA potencializa\u00e7\u00e3o com Col\u00e1geno Hidrolisado, Dexpantenol (Pr\u00f3 Vitamina B5), Amino\u00e1cidos Essenciais e Vitamina E tornam esse produto \u00fanico a proporcionar hidrata\u00e7\u00e3o profunda, firmeza e elasticidade \u00e0 pele.<\/p>\n","protected":false},"excerpt":{"rendered":"<p>Hidrata\u00e7\u00e3o intensa para os l\u00e1bios, unhas, tatuagens, micropigmenta\u00e7\u00e3o e p\u00f3s depilat\u00f3rio.<\/p>\n","protected":false},"featured_media":856,"comment_status":"open","ping_status":"closed","template":"","meta":{"_joinchat":[]},"product_brand":[],"product_cat":[21],"product_tag":[],"class_list":{"0":"post-855","1":"product","2":"type-product","3":"status-publish","4":"has-post-thumbnail","6":"product_cat-estetica-facial","8":"first","9":"instock","10":"shipping-taxable","11":"purchasable","12":"product-type-simple"},"_links":{"self":[{"href":"https:\/\/artewebmidia.com.br\/infinita\/wp-json\/wp\/v2\/product\/855","targetHints":{"allow":["GET"]}}],"collection":[{"href":"https:\/\/artewebmidia.com.br\/infinita\/wp-json\/wp\/v2\/product"}],"about":[{"href":"https:\/\/artewebmidia.com.br\/infinita\/wp-json\/wp\/v2\/types\/product"}],"replies":[{"embeddable":true,"href":"https:\/\/artewebmidia.com.br\/infinita\/wp-json\/wp\/v2\/comments?post=855"}],"wp:featuredmedia":[{"embeddable":true,"href":"https:\/\/artewebmidia.com.br\/infinita\/wp-json\/wp\/v2\/media\/856"}],"wp:attachment":[{"href":"https:\/\/artewebmidia.com.br\/infinita\/wp-json\/wp\/v2\/media?parent=855"}],"wp:term":[{"taxonomy":"product_brand","embeddable":true,"href":"https:\/\/artewebmidia.com.br\/infinita\/wp-json\/wp\/v2\/product_brand?post=855"},{"taxonomy":"product_cat","embeddable":true,"href":"https:\/\/artewebmidia.com.br\/infinita\/wp-json\/wp\/v2\/product_cat?post=855"},{"taxonomy":"product_tag","embeddable":true,"href":"https:\/\/artewebmidia.com.br\/infinita\/wp-json\/wp\/v2\/product_tag?post=855"}],"curies":[{"name":"wp","href":"https:\/\/api.w.org\/{rel}","templated":true}]}}