{"id":895,"date":"2023-11-08T16:28:51","date_gmt":"2023-11-08T19:28:51","guid":{"rendered":"https:\/\/artewebmidia.com.br\/infinita\/?post_type=product&#038;p=895"},"modified":"2023-11-08T16:28:51","modified_gmt":"2023-11-08T19:28:51","slug":"doctor-ozon-2","status":"publish","type":"product","link":"https:\/\/artewebmidia.com.br\/infinita\/produto\/doctor-ozon-2\/","title":{"rendered":"DOCTOR OZON"},"content":{"rendered":"<p>\u25cfDesenvolvimento para os cuidados das pernas e varizes.<br \/>\n\u25cf Alivia dores, cansa\u00e7o, incha\u00e7o e sensa\u00e7\u00e3o de peso nas pernas.<br \/>\n\u25cf Minimiza a sensa\u00e7\u00e3o de formigamento e melhora a circula\u00e7\u00e3o.<br \/>\n\u25cf Suaviza os vasinhos, hematomas e a apar\u00eancia geral da pele.<br \/>\n\u25cf Cont\u00e9m ativos que melhoram a circula\u00e7\u00e3o sangu\u00ednea e reduzem edemas;<br \/>\n\u25cf Melhora da cicatriza\u00e7\u00e3o e regenera\u00e7\u00e3o de tecidos pelo processo de ozoniza\u00e7\u00e3o.<br \/>\n\u25cf Reduz a fadiga corporal, proporcionando conforto e sensa\u00e7\u00e3o de bem-estar imediato.<br \/>\n\u25cf Proporciona profunda hidrata\u00e7\u00e3o e relaxamento<\/p>\n","protected":false},"excerpt":{"rendered":"<p>Creme ozonizado relaxante desenvolvido especialmente para o cuidado das pernas. Sua f\u00f3rmula \u00e9 potencializada com Ativos Bot\u00e2nicos exclusivos, \u00d3leo de Girassol Ozonizado, Arnica, Mentol, C\u00e2nfora e Salicilato de Metila. Seus ativos ativam a circula\u00e7\u00e3o, possuem a\u00e7\u00e3o<br \/>\nhidratante e calmante, proporcionando relaxamento e sensa\u00e7\u00e3o de frescor.<\/p>\n","protected":false},"featured_media":896,"comment_status":"open","ping_status":"closed","template":"","meta":{"_joinchat":[]},"product_brand":[],"product_cat":[22],"product_tag":[],"class_list":{"0":"post-895","1":"product","2":"type-product","3":"status-publish","4":"has-post-thumbnail","6":"product_cat-estetica-corporal","8":"first","9":"instock","10":"shipping-taxable","11":"purchasable","12":"product-type-simple"},"_links":{"self":[{"href":"https:\/\/artewebmidia.com.br\/infinita\/wp-json\/wp\/v2\/product\/895","targetHints":{"allow":["GET"]}}],"collection":[{"href":"https:\/\/artewebmidia.com.br\/infinita\/wp-json\/wp\/v2\/product"}],"about":[{"href":"https:\/\/artewebmidia.com.br\/infinita\/wp-json\/wp\/v2\/types\/product"}],"replies":[{"embeddable":true,"href":"https:\/\/artewebmidia.com.br\/infinita\/wp-json\/wp\/v2\/comments?post=895"}],"wp:featuredmedia":[{"embeddable":true,"href":"https:\/\/artewebmidia.com.br\/infinita\/wp-json\/wp\/v2\/media\/896"}],"wp:attachment":[{"href":"https:\/\/artewebmidia.com.br\/infinita\/wp-json\/wp\/v2\/media?parent=895"}],"wp:term":[{"taxonomy":"product_brand","embeddable":true,"href":"https:\/\/artewebmidia.com.br\/infinita\/wp-json\/wp\/v2\/product_brand?post=895"},{"taxonomy":"product_cat","embeddable":true,"href":"https:\/\/artewebmidia.com.br\/infinita\/wp-json\/wp\/v2\/product_cat?post=895"},{"taxonomy":"product_tag","embeddable":true,"href":"https:\/\/artewebmidia.com.br\/infinita\/wp-json\/wp\/v2\/product_tag?post=895"}],"curies":[{"name":"wp","href":"https:\/\/api.w.org\/{rel}","templated":true}]}}