{"id":900,"date":"2023-11-08T16:52:08","date_gmt":"2023-11-08T19:52:08","guid":{"rendered":"https:\/\/artewebmidia.com.br\/infinita\/?post_type=product&#038;p=900"},"modified":"2024-09-02T11:38:17","modified_gmt":"2024-09-02T14:38:17","slug":"oleo-essencial-limao-siciliano","status":"publish","type":"product","link":"https:\/\/artewebmidia.com.br\/infinita\/produto\/oleo-essencial-limao-siciliano\/","title":{"rendered":"\u00d3LEO ESSENCIAL LIM\u00c3O SICILIANO"},"content":{"rendered":"<p>Anti-infeccioso, antibacteriano, antiss\u00e9ptico, adstringente, carminativo, depurativo, hipotensivo e antiviral.<br \/>\nSua fun\u00e7\u00e3o no organismo \u00e9 similar \u00e0 da vitamina P. Atua sobre a microcircula\u00e7\u00e3o diminuindo a permeabilidade dos vasos capilares e aumentando sua resist\u00eancia. Auxilia na preven\u00e7\u00e3o da hipertens\u00e3o e diabetes. \u00c9 fluidificante sangu\u00edneo, lipol\u00edtico, neuro e estom\u00e1quico. Excelente para o trato respirat\u00f3rio, fortalecendo-o, al\u00e9m de auxiliar na digest\u00e3o.<\/p>\n","protected":false},"excerpt":{"rendered":"<p>O Lim\u00e3o clareia os pensamentos e concede concentra\u00e7\u00e3o. Em fases de grande confus\u00e3o mental, ajuda-nos na tomada de decis\u00e3o com tranquilidade e certeza de que estamos no caminho certo. Sua a\u00e7\u00e3o mais importante refere-se ao est\u00edmulo do poder de concentra\u00e7\u00e3o. O lim\u00e3o \u00e9 sempre recomendado em difusores, na mesa de pessoas que executam trabalho intelectual.<\/p>\n","protected":false},"featured_media":901,"comment_status":"open","ping_status":"closed","template":"","meta":{"_joinchat":[]},"product_brand":[],"product_cat":[24],"product_tag":[],"class_list":{"0":"post-900","1":"product","2":"type-product","3":"status-publish","4":"has-post-thumbnail","6":"product_cat-saude","8":"first","9":"instock","10":"shipping-taxable","11":"purchasable","12":"product-type-simple"},"_links":{"self":[{"href":"https:\/\/artewebmidia.com.br\/infinita\/wp-json\/wp\/v2\/product\/900","targetHints":{"allow":["GET"]}}],"collection":[{"href":"https:\/\/artewebmidia.com.br\/infinita\/wp-json\/wp\/v2\/product"}],"about":[{"href":"https:\/\/artewebmidia.com.br\/infinita\/wp-json\/wp\/v2\/types\/product"}],"replies":[{"embeddable":true,"href":"https:\/\/artewebmidia.com.br\/infinita\/wp-json\/wp\/v2\/comments?post=900"}],"wp:featuredmedia":[{"embeddable":true,"href":"https:\/\/artewebmidia.com.br\/infinita\/wp-json\/wp\/v2\/media\/901"}],"wp:attachment":[{"href":"https:\/\/artewebmidia.com.br\/infinita\/wp-json\/wp\/v2\/media?parent=900"}],"wp:term":[{"taxonomy":"product_brand","embeddable":true,"href":"https:\/\/artewebmidia.com.br\/infinita\/wp-json\/wp\/v2\/product_brand?post=900"},{"taxonomy":"product_cat","embeddable":true,"href":"https:\/\/artewebmidia.com.br\/infinita\/wp-json\/wp\/v2\/product_cat?post=900"},{"taxonomy":"product_tag","embeddable":true,"href":"https:\/\/artewebmidia.com.br\/infinita\/wp-json\/wp\/v2\/product_tag?post=900"}],"curies":[{"name":"wp","href":"https:\/\/api.w.org\/{rel}","templated":true}]}}