{"id":905,"date":"2023-11-08T17:00:35","date_gmt":"2023-11-08T20:00:35","guid":{"rendered":"https:\/\/artewebmidia.com.br\/infinita\/?post_type=product&#038;p=905"},"modified":"2023-12-20T11:16:10","modified_gmt":"2023-12-20T14:16:10","slug":"floral-hiperatividade","status":"publish","type":"product","link":"https:\/\/artewebmidia.com.br\/infinita\/produto\/floral-hiperatividade\/","title":{"rendered":"FLORAL KIDS HIPERATIVIDADE 30ML"},"content":{"rendered":"<p>\u25cf 100% natural.<br \/>\n\u25cf Potencializado com cromoterapia e musicoterapia.<br \/>\n\u25cf Ansiol\u00edtico natural.<br \/>\n\u25cf Reduz a inquieta\u00e7\u00e3o noturna.<br \/>\n\u25cf Favorece a paci\u00eancia e calma mental.<br \/>\n\u25cf Reduz a tens\u00e3o muscular e o stress.<\/p>\n","protected":false},"excerpt":{"rendered":"<p>Floral Kids Hiperatividade \u00e9 composto pela uni\u00e3o de ess\u00eancias florais com cromoterapia e desenvolvido especificamente para auxiliar<br \/>\ncrian\u00e7as nos casos de hiperatividade. As crian\u00e7as hiperativas facilmente perdem o controle quando alguma coisa demora um pouco mais para acontecer, n\u00e3o conseguem esperar, s\u00e3o impacientes, demonstrando tens\u00e3o, nervosismo e ansiedade. Apresentam dificuldade de foco prejudicando a compreens\u00e3o das informa\u00e7\u00f5es, transformando isso em dificuldade de aprendizado.<\/p>\n","protected":false},"featured_media":1384,"comment_status":"open","ping_status":"closed","template":"","meta":{"_joinchat":[]},"product_brand":[],"product_cat":[24],"product_tag":[],"class_list":{"0":"post-905","1":"product","2":"type-product","3":"status-publish","4":"has-post-thumbnail","6":"product_cat-saude","8":"first","9":"instock","10":"shipping-taxable","11":"purchasable","12":"product-type-simple"},"_links":{"self":[{"href":"https:\/\/artewebmidia.com.br\/infinita\/wp-json\/wp\/v2\/product\/905","targetHints":{"allow":["GET"]}}],"collection":[{"href":"https:\/\/artewebmidia.com.br\/infinita\/wp-json\/wp\/v2\/product"}],"about":[{"href":"https:\/\/artewebmidia.com.br\/infinita\/wp-json\/wp\/v2\/types\/product"}],"replies":[{"embeddable":true,"href":"https:\/\/artewebmidia.com.br\/infinita\/wp-json\/wp\/v2\/comments?post=905"}],"wp:featuredmedia":[{"embeddable":true,"href":"https:\/\/artewebmidia.com.br\/infinita\/wp-json\/wp\/v2\/media\/1384"}],"wp:attachment":[{"href":"https:\/\/artewebmidia.com.br\/infinita\/wp-json\/wp\/v2\/media?parent=905"}],"wp:term":[{"taxonomy":"product_brand","embeddable":true,"href":"https:\/\/artewebmidia.com.br\/infinita\/wp-json\/wp\/v2\/product_brand?post=905"},{"taxonomy":"product_cat","embeddable":true,"href":"https:\/\/artewebmidia.com.br\/infinita\/wp-json\/wp\/v2\/product_cat?post=905"},{"taxonomy":"product_tag","embeddable":true,"href":"https:\/\/artewebmidia.com.br\/infinita\/wp-json\/wp\/v2\/product_tag?post=905"}],"curies":[{"name":"wp","href":"https:\/\/api.w.org\/{rel}","templated":true}]}}