{"id":907,"date":"2023-11-08T17:11:17","date_gmt":"2023-11-08T20:11:17","guid":{"rendered":"https:\/\/artewebmidia.com.br\/infinita\/?post_type=product&#038;p=907"},"modified":"2023-11-08T17:11:17","modified_gmt":"2023-11-08T20:11:17","slug":"fluido-nano-hair-growth","status":"publish","type":"product","link":"https:\/\/artewebmidia.com.br\/infinita\/produto\/fluido-nano-hair-growth\/","title":{"rendered":"FLU\u00cdDO NANO HAIR GROWTH"},"content":{"rendered":"<p>\u25cfFluido desenvolvido para tratamento intensivo de crescimento capilar;<br \/>\n\u25cf \u00danico no mercado mundial com Fatores de Crescimento capilar estabilizado com Sil\u00edcios Org\u00e2nicos, Col\u00e1geno Hidrolisado e<br \/>\n\u00c1cido Hialur\u00f4nico de baixo peso molecular;<br \/>\n\u25cf Estimula naturalmente o crescimento dos cabelos;<br \/>\n\u25cf Reduz a queda acentuada dos cabelos;<br \/>\n\u25cf Aumenta a microcircula\u00e7\u00e3o e a oxigena\u00e7\u00e3o;<br \/>\n\u25cf Conferem for\u00e7a e resist\u00eancia;<br \/>\n\u25cf Extrema a\u00e7\u00e3o antienvelhecimento dos fios;<br \/>\n\u25cf Recupera fios danificados;<br \/>\n\u25cf Auxilia na forma\u00e7\u00e3o de queratina;<br \/>\n\u25cf Extrema A\u00e7\u00e3o antioxidante contra radia\u00e7\u00e3o Solar;<br \/>\n\u25cf Extrema A\u00e7\u00e3o cicatrizante e restauradora do fol\u00edculo capilar;<br \/>\n\u25cf Aut\u00eantica terapia ortomolecular de hidrata\u00e7\u00e3o profunda\u00a0 \u00a0 \u00a0 \u00a0 \u00a0 \u00a0 \u00a0 \u00a0 \u00a0 \u00a0 \u00a0 \u00a0 \u00a0 \u00a0 \u00a0 \u00a0 \u00a0 \u00a0 \u00a0 \u00a0 \u00a0 \u00a0 \u00a0 \u00a0 \u00a0 \u00a0 \u00a0 \u00a0 \u00a0 \u00a0 \u00a0 \u00a0 \u00a0 \u00a0 \u00a0 \u00a0 \u00a0 \u00a0 \u00a0 \u00a0 \u00a0 \u00a0 \u00a0 \u00a0 \u00a0 \u00a0 \u00a0 \u00a0 \u00a0 \u00a0 \u00a0 \u00a0 \u00a0 \u00a0 \u00a0 \u00a0 \u00a0 \u00a0 \u00a0 \u00a0 \u00a0 \u00a0 \u00a0 \u00a0 \u00a0 \u00a0 \u00a0 \u00a0 \u00a0 \u25cf Perfeito para associar com microagulhamento<\/p>\n","protected":false},"excerpt":{"rendered":"<p>Fluido capilar ultra concentrado com fatores de nanopart\u00edculas de a\u00e7\u00e3o fortificante. Seus ativos aumentando o fluxo vascular do couro cabeludo por conta de suas propriedades antioxidantes.<br \/>\nO resultado disso \u00e9 o fortalecimento capilar, renova\u00e7\u00e3o celular, nutri\u00e7\u00e3o do couro cabeludo, est\u00edmulo da vitalidade e da prolifera\u00e7\u00e3o do fol\u00edculo. N\u00e3o possui fragr\u00e2ncia e foi desenvolvido para ser associado ao microagulhamento.<\/p>\n","protected":false},"featured_media":908,"comment_status":"open","ping_status":"closed","template":"","meta":{"_joinchat":[]},"product_brand":[],"product_cat":[23],"product_tag":[],"class_list":{"0":"post-907","1":"product","2":"type-product","3":"status-publish","4":"has-post-thumbnail","6":"product_cat-cabelo","8":"first","9":"instock","10":"shipping-taxable","11":"purchasable","12":"product-type-simple"},"_links":{"self":[{"href":"https:\/\/artewebmidia.com.br\/infinita\/wp-json\/wp\/v2\/product\/907","targetHints":{"allow":["GET"]}}],"collection":[{"href":"https:\/\/artewebmidia.com.br\/infinita\/wp-json\/wp\/v2\/product"}],"about":[{"href":"https:\/\/artewebmidia.com.br\/infinita\/wp-json\/wp\/v2\/types\/product"}],"replies":[{"embeddable":true,"href":"https:\/\/artewebmidia.com.br\/infinita\/wp-json\/wp\/v2\/comments?post=907"}],"wp:featuredmedia":[{"embeddable":true,"href":"https:\/\/artewebmidia.com.br\/infinita\/wp-json\/wp\/v2\/media\/908"}],"wp:attachment":[{"href":"https:\/\/artewebmidia.com.br\/infinita\/wp-json\/wp\/v2\/media?parent=907"}],"wp:term":[{"taxonomy":"product_brand","embeddable":true,"href":"https:\/\/artewebmidia.com.br\/infinita\/wp-json\/wp\/v2\/product_brand?post=907"},{"taxonomy":"product_cat","embeddable":true,"href":"https:\/\/artewebmidia.com.br\/infinita\/wp-json\/wp\/v2\/product_cat?post=907"},{"taxonomy":"product_tag","embeddable":true,"href":"https:\/\/artewebmidia.com.br\/infinita\/wp-json\/wp\/v2\/product_tag?post=907"}],"curies":[{"name":"wp","href":"https:\/\/api.w.org\/{rel}","templated":true}]}}