{"id":910,"date":"2023-11-09T09:15:43","date_gmt":"2023-11-09T12:15:43","guid":{"rendered":"https:\/\/artewebmidia.com.br\/infinita\/?post_type=product&#038;p=910"},"modified":"2023-11-09T09:15:43","modified_gmt":"2023-11-09T12:15:43","slug":"nano-retinol-lotion","status":"publish","type":"product","link":"https:\/\/artewebmidia.com.br\/infinita\/produto\/nano-retinol-lotion\/","title":{"rendered":"NANO RETINOL LOTION"},"content":{"rendered":"<p>\u25cf Lo\u00e7\u00e3o despigmentante da nova gera\u00e7\u00e3o de \u00e1cidos potencializadora do peeling.<br \/>\n\u25cf \u00danica com diferentes tipos de \u00e1cidos em concentra\u00e7\u00f5es m\u00e1ximas permitidas.<br \/>\n\u25cf Inibidora da tirosinase e produ\u00e7\u00e3o de melanina.<br \/>\n\u25cf Combate hipercromias e melasmas.<br \/>\n\u25cf Combate a oxida\u00e7\u00e3o e envelhecimento celular.<br \/>\n\u25cf A\u00e7\u00e3o queratol\u00edtica extremamente profunda, combatendo a oleosidade da pele.<br \/>\n\u25cf Perfeita para peles com acne e sequelas de queloide.<br \/>\n\u25cf Atua na renova\u00e7\u00e3o da epiderme e desobstru\u00e7\u00e3o os poros.<br \/>\n\u25cf Produto ortomolecular para reposi\u00e7\u00e3o de oligoelementos e oligominerais.<br \/>\n\u25cf A\u00e7\u00e3o antiaging para rejuvenescimento<\/p>\n","protected":false},"excerpt":{"rendered":"<p>Lo\u00e7\u00e3o clareadora extremamente concentrada com a mais pura e avan\u00e7ada tecnologia das nanopart\u00edculas. Elaborada cuidadosamente<br \/>\npara tratamentos est\u00e9ticos de peeling, acne, rejuvenescimento, estrias e em qualquer outro tratamento que necessite uma a\u00e7\u00e3o<br \/>\nqueratol\u00edtica extrema. Pode ser usado em todos os fototipos de pele (I a VI).<\/p>\n","protected":false},"featured_media":911,"comment_status":"open","ping_status":"closed","template":"","meta":{"_joinchat":[]},"product_brand":[],"product_cat":[21],"product_tag":[],"class_list":{"0":"post-910","1":"product","2":"type-product","3":"status-publish","4":"has-post-thumbnail","6":"product_cat-estetica-facial","8":"first","9":"instock","10":"shipping-taxable","11":"purchasable","12":"product-type-simple"},"_links":{"self":[{"href":"https:\/\/artewebmidia.com.br\/infinita\/wp-json\/wp\/v2\/product\/910","targetHints":{"allow":["GET"]}}],"collection":[{"href":"https:\/\/artewebmidia.com.br\/infinita\/wp-json\/wp\/v2\/product"}],"about":[{"href":"https:\/\/artewebmidia.com.br\/infinita\/wp-json\/wp\/v2\/types\/product"}],"replies":[{"embeddable":true,"href":"https:\/\/artewebmidia.com.br\/infinita\/wp-json\/wp\/v2\/comments?post=910"}],"wp:featuredmedia":[{"embeddable":true,"href":"https:\/\/artewebmidia.com.br\/infinita\/wp-json\/wp\/v2\/media\/911"}],"wp:attachment":[{"href":"https:\/\/artewebmidia.com.br\/infinita\/wp-json\/wp\/v2\/media?parent=910"}],"wp:term":[{"taxonomy":"product_brand","embeddable":true,"href":"https:\/\/artewebmidia.com.br\/infinita\/wp-json\/wp\/v2\/product_brand?post=910"},{"taxonomy":"product_cat","embeddable":true,"href":"https:\/\/artewebmidia.com.br\/infinita\/wp-json\/wp\/v2\/product_cat?post=910"},{"taxonomy":"product_tag","embeddable":true,"href":"https:\/\/artewebmidia.com.br\/infinita\/wp-json\/wp\/v2\/product_tag?post=910"}],"curies":[{"name":"wp","href":"https:\/\/api.w.org\/{rel}","templated":true}]}}