{"id":913,"date":"2023-11-09T09:21:53","date_gmt":"2023-11-09T12:21:53","guid":{"rendered":"https:\/\/artewebmidia.com.br\/infinita\/?post_type=product&#038;p=913"},"modified":"2023-11-09T09:21:53","modified_gmt":"2023-11-09T12:21:53","slug":"nano-retinol-soap","status":"publish","type":"product","link":"https:\/\/artewebmidia.com.br\/infinita\/produto\/nano-retinol-soap\/","title":{"rendered":"NANO RETINOL SOAP"},"content":{"rendered":"<p>\u25cf Sabonete despigmentante da nova gera\u00e7\u00e3o de \u00e1cidos preparat\u00f3rio do peeling.<br \/>\n\u25cf \u00danico com diferentes tipos de \u00e1cido, incluindo todos os alfa-hidroxi\u00e1cidos em concentra\u00e7\u00f5es m\u00e1ximas permitidas.<br \/>\n\u25cf Remove as impurezas nas camadas mais descama\u00e7\u00e3o da epiderme sem irritar a pele.<br \/>\n\u25cf Perfeito para renova\u00e7\u00e3o do t\u00f4nus de peles maduras.<br \/>\n\u25cf Atua como desengordurante e removedora da oleosidade.<br \/>\n\u25cf Inibidora da tirosinase e produ\u00e7\u00e3o de melanina.<br \/>\n\u25cf Combate hipercromias e melasmas.<br \/>\n\u25cf Combate a oxida\u00e7\u00e3o e envelhecimento celular.<br \/>\n\u25cf A\u00e7\u00e3o queratol\u00edtica extremamente profunda.<br \/>\n\u25cf Perfeito para peles com acne e sequelas de queloide.<br \/>\n\u25cf Atua na renova\u00e7\u00e3o da epiderme e desobstru\u00e7\u00e3o os poros.<\/p>\n","protected":false},"excerpt":{"rendered":"<p>Sabonete de \u00e1cidos clareador extremamente concentrado com a mais pura e avan\u00e7ada tecnologia das nanopart\u00edculas. Elaborado<br \/>\ncuidadosamente para tratamentos est\u00e9ticos de peeling, acne, rejuvenescimento, estrias e em qualquer outro tratamento que necessite<br \/>\numa a\u00e7\u00e3o queratol\u00edtica extrema.<br \/>\nPotencializado com pH 3,5. Pode ser usado em todos os fototipos de pele (I a VI).<\/p>\n","protected":false},"featured_media":914,"comment_status":"open","ping_status":"closed","template":"","meta":{"_joinchat":[]},"product_brand":[],"product_cat":[21],"product_tag":[],"class_list":{"0":"post-913","1":"product","2":"type-product","3":"status-publish","4":"has-post-thumbnail","6":"product_cat-estetica-facial","8":"first","9":"instock","10":"shipping-taxable","11":"purchasable","12":"product-type-simple"},"_links":{"self":[{"href":"https:\/\/artewebmidia.com.br\/infinita\/wp-json\/wp\/v2\/product\/913","targetHints":{"allow":["GET"]}}],"collection":[{"href":"https:\/\/artewebmidia.com.br\/infinita\/wp-json\/wp\/v2\/product"}],"about":[{"href":"https:\/\/artewebmidia.com.br\/infinita\/wp-json\/wp\/v2\/types\/product"}],"replies":[{"embeddable":true,"href":"https:\/\/artewebmidia.com.br\/infinita\/wp-json\/wp\/v2\/comments?post=913"}],"wp:featuredmedia":[{"embeddable":true,"href":"https:\/\/artewebmidia.com.br\/infinita\/wp-json\/wp\/v2\/media\/914"}],"wp:attachment":[{"href":"https:\/\/artewebmidia.com.br\/infinita\/wp-json\/wp\/v2\/media?parent=913"}],"wp:term":[{"taxonomy":"product_brand","embeddable":true,"href":"https:\/\/artewebmidia.com.br\/infinita\/wp-json\/wp\/v2\/product_brand?post=913"},{"taxonomy":"product_cat","embeddable":true,"href":"https:\/\/artewebmidia.com.br\/infinita\/wp-json\/wp\/v2\/product_cat?post=913"},{"taxonomy":"product_tag","embeddable":true,"href":"https:\/\/artewebmidia.com.br\/infinita\/wp-json\/wp\/v2\/product_tag?post=913"}],"curies":[{"name":"wp","href":"https:\/\/api.w.org\/{rel}","templated":true}]}}