{"id":917,"date":"2023-11-09T09:30:24","date_gmt":"2023-11-09T12:30:24","guid":{"rendered":"https:\/\/artewebmidia.com.br\/infinita\/?post_type=product&#038;p=917"},"modified":"2023-11-09T09:30:24","modified_gmt":"2023-11-09T12:30:24","slug":"nano-acid","status":"publish","type":"product","link":"https:\/\/artewebmidia.com.br\/infinita\/produto\/nano-acid\/","title":{"rendered":"NANO ACID"},"content":{"rendered":"<p>\u25cf S\u00e9rum \u00e1cido extremante concentrado e nanotecnol\u00f3gico.<br \/>\n\u25cf Extrema a\u00e7\u00e3o abrasiva de \u00e1cidos seguro para clareamento das manchas.<br \/>\n\u25cf Extrema a\u00e7\u00e3o antiacne e queratol\u00edtica profunda que remove a oleosidade.<br \/>\n\u25cf Alta a\u00e7\u00e3o antiaging para rejuvenescimento.<br \/>\n\u25cf Atua na remo\u00e7\u00e3o das impurezas mais profundas da pele.<br \/>\n\u25cf Possui ph 3,5, ideal para clareamento de manchas e descama\u00e7\u00e3o epitelial.<br \/>\n\u25cf Perfeito para tratamento de melasmas.<br \/>\n\u25cf Perfeito para pr\u00e9 microagulhamento.<\/p>\n","protected":false},"excerpt":{"rendered":"<p>S\u00e9rum de \u00e1cidos com nanotecnologia para tratamentos est\u00e9ticos de peeling, acne e suas sequelas, rejuvenescimento, manchas,<br \/>\nestrias e para qualquer outro tratamento que necessite de uma a\u00e7\u00e3o queratol\u00edtica.<br \/>\nPotencializado com \u00c1cido K\u00f3jico, \u00c1cido Fer\u00falico e \u00c1cido Mand\u00e9lico \u00e0 10 % com pH 3,5, pode ser usado em todos os fototipos<br \/>\nde pele (I a VI) e gestantes.<\/p>\n","protected":false},"featured_media":918,"comment_status":"open","ping_status":"closed","template":"","meta":{"_joinchat":[]},"product_brand":[],"product_cat":[21],"product_tag":[],"class_list":{"0":"post-917","1":"product","2":"type-product","3":"status-publish","4":"has-post-thumbnail","6":"product_cat-estetica-facial","8":"first","9":"instock","10":"shipping-taxable","11":"purchasable","12":"product-type-simple"},"_links":{"self":[{"href":"https:\/\/artewebmidia.com.br\/infinita\/wp-json\/wp\/v2\/product\/917","targetHints":{"allow":["GET"]}}],"collection":[{"href":"https:\/\/artewebmidia.com.br\/infinita\/wp-json\/wp\/v2\/product"}],"about":[{"href":"https:\/\/artewebmidia.com.br\/infinita\/wp-json\/wp\/v2\/types\/product"}],"replies":[{"embeddable":true,"href":"https:\/\/artewebmidia.com.br\/infinita\/wp-json\/wp\/v2\/comments?post=917"}],"wp:featuredmedia":[{"embeddable":true,"href":"https:\/\/artewebmidia.com.br\/infinita\/wp-json\/wp\/v2\/media\/918"}],"wp:attachment":[{"href":"https:\/\/artewebmidia.com.br\/infinita\/wp-json\/wp\/v2\/media?parent=917"}],"wp:term":[{"taxonomy":"product_brand","embeddable":true,"href":"https:\/\/artewebmidia.com.br\/infinita\/wp-json\/wp\/v2\/product_brand?post=917"},{"taxonomy":"product_cat","embeddable":true,"href":"https:\/\/artewebmidia.com.br\/infinita\/wp-json\/wp\/v2\/product_cat?post=917"},{"taxonomy":"product_tag","embeddable":true,"href":"https:\/\/artewebmidia.com.br\/infinita\/wp-json\/wp\/v2\/product_tag?post=917"}],"curies":[{"name":"wp","href":"https:\/\/api.w.org\/{rel}","templated":true}]}}