{"id":919,"date":"2023-11-09T09:39:31","date_gmt":"2023-11-09T12:39:31","guid":{"rendered":"https:\/\/artewebmidia.com.br\/infinita\/?post_type=product&#038;p=919"},"modified":"2023-12-15T10:19:08","modified_gmt":"2023-12-15T13:19:08","slug":"cleanser","status":"publish","type":"product","link":"https:\/\/artewebmidia.com.br\/infinita\/produto\/cleanser\/","title":{"rendered":"CLEANSER SABONETE ENZIM\u00c1TICO EM P\u00d3"},"content":{"rendered":"<p>Sabonete em p\u00f3 enzim\u00e1tico que une uma limpeza profunda \u00e0 uma poderosa esfolia\u00e7\u00e3o enzim\u00e1tica atrav\u00e9s da enzima papa\u00edna. Promove uma renova\u00e7\u00e3o epitelial eficaz e gentil, sem ressecar a pele. Auxilia no controle da oleosidade, desobstrui poros e reduz o aparecimento de cravos. Proporciona uma pele macia e vi\u00e7osa.<\/p>\n","protected":false},"excerpt":{"rendered":"<p>Sabonete em p\u00f3 enzim\u00e1tico<\/p>\n","protected":false},"featured_media":1377,"comment_status":"open","ping_status":"closed","template":"","meta":{"_joinchat":[]},"product_brand":[],"product_cat":[21],"product_tag":[],"class_list":{"0":"post-919","1":"product","2":"type-product","3":"status-publish","4":"has-post-thumbnail","6":"product_cat-estetica-facial","8":"first","9":"instock","10":"shipping-taxable","11":"purchasable","12":"product-type-simple"},"_links":{"self":[{"href":"https:\/\/artewebmidia.com.br\/infinita\/wp-json\/wp\/v2\/product\/919","targetHints":{"allow":["GET"]}}],"collection":[{"href":"https:\/\/artewebmidia.com.br\/infinita\/wp-json\/wp\/v2\/product"}],"about":[{"href":"https:\/\/artewebmidia.com.br\/infinita\/wp-json\/wp\/v2\/types\/product"}],"replies":[{"embeddable":true,"href":"https:\/\/artewebmidia.com.br\/infinita\/wp-json\/wp\/v2\/comments?post=919"}],"wp:featuredmedia":[{"embeddable":true,"href":"https:\/\/artewebmidia.com.br\/infinita\/wp-json\/wp\/v2\/media\/1377"}],"wp:attachment":[{"href":"https:\/\/artewebmidia.com.br\/infinita\/wp-json\/wp\/v2\/media?parent=919"}],"wp:term":[{"taxonomy":"product_brand","embeddable":true,"href":"https:\/\/artewebmidia.com.br\/infinita\/wp-json\/wp\/v2\/product_brand?post=919"},{"taxonomy":"product_cat","embeddable":true,"href":"https:\/\/artewebmidia.com.br\/infinita\/wp-json\/wp\/v2\/product_cat?post=919"},{"taxonomy":"product_tag","embeddable":true,"href":"https:\/\/artewebmidia.com.br\/infinita\/wp-json\/wp\/v2\/product_tag?post=919"}],"curies":[{"name":"wp","href":"https:\/\/api.w.org\/{rel}","templated":true}]}}