{"id":922,"date":"2023-11-09T09:54:34","date_gmt":"2023-11-09T12:54:34","guid":{"rendered":"https:\/\/artewebmidia.com.br\/infinita\/?post_type=product&#038;p=922"},"modified":"2023-12-20T11:06:21","modified_gmt":"2023-12-20T14:06:21","slug":"summer-massage","status":"publish","type":"product","link":"https:\/\/artewebmidia.com.br\/infinita\/produto\/summer-massage\/","title":{"rendered":"SUMMER MASSAGE"},"content":{"rendered":"<ul>\n<li>Produto com a mais pura e avan\u00e7ada tecnologia das nanopart\u00edculas<\/li>\n<li>\u00danico no mercado com a\u00e7\u00e3o 5 em 1<\/li>\n<li>\u00danico no mercado mundial em ativos nanotecnol\u00f3gicos<\/li>\n<li>Redu\u00e7\u00e3o da flacidez<\/li>\n<li>Redu\u00e7\u00e3o das celulites<\/li>\n<li>Redu\u00e7\u00e3o de medidas<\/li>\n<li>A\u00e7\u00e3o drenante<\/li>\n<li>A\u00e7\u00e3o detox<\/li>\n<li>Seus ativos proporcionam extrema a\u00e7\u00e3o lipol\u00edtica, anticelul\u00edtica, tonificante do tecido, diminui\u00e7\u00e3o da reten\u00e7\u00e3o h\u00eddrica e a\u00e7\u00e3o ultra detox.<\/li>\n<\/ul>\n","protected":false},"excerpt":{"rendered":"<p>Gel crioter\u00e1pico nanotecnol\u00f3gico, redu\u00e7\u00e3o de flacidez, redu\u00e7\u00e3o de celulites, redu\u00e7\u00e3o de medidas, a\u00e7\u00e3o drenante e a\u00e7\u00e3o detox.<\/p>\n","protected":false},"featured_media":1382,"comment_status":"open","ping_status":"closed","template":"","meta":{"_joinchat":[]},"product_brand":[],"product_cat":[22],"product_tag":[],"class_list":{"0":"post-922","1":"product","2":"type-product","3":"status-publish","4":"has-post-thumbnail","6":"product_cat-estetica-corporal","8":"first","9":"instock","10":"shipping-taxable","11":"purchasable","12":"product-type-simple"},"_links":{"self":[{"href":"https:\/\/artewebmidia.com.br\/infinita\/wp-json\/wp\/v2\/product\/922","targetHints":{"allow":["GET"]}}],"collection":[{"href":"https:\/\/artewebmidia.com.br\/infinita\/wp-json\/wp\/v2\/product"}],"about":[{"href":"https:\/\/artewebmidia.com.br\/infinita\/wp-json\/wp\/v2\/types\/product"}],"replies":[{"embeddable":true,"href":"https:\/\/artewebmidia.com.br\/infinita\/wp-json\/wp\/v2\/comments?post=922"}],"wp:featuredmedia":[{"embeddable":true,"href":"https:\/\/artewebmidia.com.br\/infinita\/wp-json\/wp\/v2\/media\/1382"}],"wp:attachment":[{"href":"https:\/\/artewebmidia.com.br\/infinita\/wp-json\/wp\/v2\/media?parent=922"}],"wp:term":[{"taxonomy":"product_brand","embeddable":true,"href":"https:\/\/artewebmidia.com.br\/infinita\/wp-json\/wp\/v2\/product_brand?post=922"},{"taxonomy":"product_cat","embeddable":true,"href":"https:\/\/artewebmidia.com.br\/infinita\/wp-json\/wp\/v2\/product_cat?post=922"},{"taxonomy":"product_tag","embeddable":true,"href":"https:\/\/artewebmidia.com.br\/infinita\/wp-json\/wp\/v2\/product_tag?post=922"}],"curies":[{"name":"wp","href":"https:\/\/api.w.org\/{rel}","templated":true}]}}