{"id":924,"date":"2023-11-09T10:13:58","date_gmt":"2023-11-09T13:13:58","guid":{"rendered":"https:\/\/artewebmidia.com.br\/infinita\/?post_type=product&#038;p=924"},"modified":"2023-11-14T16:29:22","modified_gmt":"2023-11-14T19:29:22","slug":"nano-mammy","status":"publish","type":"product","link":"https:\/\/artewebmidia.com.br\/infinita\/produto\/nano-mammy\/","title":{"rendered":"NANO MAMMY CREME CORPORAL ULTRA HIDRATANTE"},"content":{"rendered":"<p>\u25cf Creme nanotecnol\u00f3gico, exclusivo para massagem em gestantes.<\/p>\n<p>\u25cf A\u00e7\u00e3o ultra-hidratante com col\u00e1geno hidrolisado.<\/p>\n<p>\u25cf Sinergia de ativos antiestrias.<\/p>\n<p>\u25cf Pode ser utilizado em todas as fases da gesta\u00e7\u00e3o, incluindo fase de amamenta\u00e7\u00e3o.<\/p>\n<p>\u25cf Renova\u00e7\u00e3o da epiderme e melhora o aspecto geral da pele.<\/p>\n<p>\u25cf Atua diretamente na s\u00edntese de novas fibras de col\u00e1geno e elastina.<\/p>\n<p>\u25cf Atua na nutri\u00e7\u00e3o do tecido.<\/p>\n<p>\u25cf Atua na uniformiza\u00e7\u00e3o da tonalidade e luminosidade da pele.<\/p>\n<p>\u25cf A\u00e7\u00e3o antiglicante potencializada para preven\u00e7\u00e3o de flacidez e estrias.<\/p>\n","protected":false},"excerpt":{"rendered":"<p>Nanotecnologia corporal ultra-hidratante para massagem em gestantes. Seus ativos proporcionam mais firmeza e elasticidade \u00e0<br \/>\npele, prevenindo o aparecimento de estrias.<\/p>\n","protected":false},"featured_media":0,"comment_status":"open","ping_status":"closed","template":"","meta":{"_joinchat":[]},"product_brand":[],"product_cat":[22],"product_tag":[],"class_list":{"0":"post-924","1":"product","2":"type-product","3":"status-publish","5":"product_cat-estetica-corporal","7":"first","8":"instock","9":"shipping-taxable","10":"purchasable","11":"product-type-simple"},"_links":{"self":[{"href":"https:\/\/artewebmidia.com.br\/infinita\/wp-json\/wp\/v2\/product\/924","targetHints":{"allow":["GET"]}}],"collection":[{"href":"https:\/\/artewebmidia.com.br\/infinita\/wp-json\/wp\/v2\/product"}],"about":[{"href":"https:\/\/artewebmidia.com.br\/infinita\/wp-json\/wp\/v2\/types\/product"}],"replies":[{"embeddable":true,"href":"https:\/\/artewebmidia.com.br\/infinita\/wp-json\/wp\/v2\/comments?post=924"}],"wp:attachment":[{"href":"https:\/\/artewebmidia.com.br\/infinita\/wp-json\/wp\/v2\/media?parent=924"}],"wp:term":[{"taxonomy":"product_brand","embeddable":true,"href":"https:\/\/artewebmidia.com.br\/infinita\/wp-json\/wp\/v2\/product_brand?post=924"},{"taxonomy":"product_cat","embeddable":true,"href":"https:\/\/artewebmidia.com.br\/infinita\/wp-json\/wp\/v2\/product_cat?post=924"},{"taxonomy":"product_tag","embeddable":true,"href":"https:\/\/artewebmidia.com.br\/infinita\/wp-json\/wp\/v2\/product_tag?post=924"}],"curies":[{"name":"wp","href":"https:\/\/api.w.org\/{rel}","templated":true}]}}