{"id":928,"date":"2023-11-09T10:25:08","date_gmt":"2023-11-09T13:25:08","guid":{"rendered":"https:\/\/artewebmidia.com.br\/infinita\/?post_type=product&#038;p=928"},"modified":"2024-09-02T11:34:45","modified_gmt":"2024-09-02T14:34:45","slug":"nano-lift-3d","status":"publish","type":"product","link":"https:\/\/artewebmidia.com.br\/infinita\/produto\/nano-lift-3d\/","title":{"rendered":"NANO LIFT 3D"},"content":{"rendered":"<p>\u25cf DMAE em extrema concentra\u00e7\u00e3o e nanoencapsulado.<br \/>\n\u25cf Creme ortomolecular para reposi\u00e7\u00e3o de oligoelementos e oligominerais.<br \/>\n\u25cf Ultra Sinergia de Ativos Firmantes e Rejuvenescedores.<br \/>\n\u25cf Efeito Lifting 3D Express na Pele.<br \/>\n\u25cf Botox Natural para o Combate de Rugas e Linhas de Express\u00e3o.<br \/>\n\u25cf Melhora da Elasticidade e Proporciona Firmeza \u00e0 Pele.<br \/>\n\u25cf Combate a Flacidez e Previne Estrias no uso corporal.<br \/>\n\u25cf Diminui Edemas, Bolsas e Olheiras.<br \/>\n\u25cf Possui profunda a\u00e7\u00e3o Antioxidante e T\u00f4nica para Pele.<br \/>\n\u25cf Excelente Renovador da Epiderme.<br \/>\n\u25cf Reduz a perda transepidermal de \u00e1gua (TEWL), evitando o ressecamento da pele.<br \/>\n\u25cf Perfeito para uma hidrata\u00e7\u00e3o corporal e facial di\u00e1ria.<\/p>\n","protected":false},"excerpt":{"rendered":"<p>Creme corporal e facial ultra potencializado com DMAE nanoencapsulado em alta concentra\u00e7\u00e3o para auxiliar nos procedimentos est\u00e9ticos voltados para flacidez, estrias, rejuvenescimento, rugas e linhas de express\u00e3o. Seus ativos proporcionam Efeito Lifting 3D, atribuindo desta forma maior vi\u00e7o, firmeza e elasticidade \u00e0 pele.<\/p>\n","protected":false},"featured_media":929,"comment_status":"open","ping_status":"closed","template":"","meta":{"_joinchat":[]},"product_brand":[],"product_cat":[22,21],"product_tag":[],"class_list":{"0":"post-928","1":"product","2":"type-product","3":"status-publish","4":"has-post-thumbnail","6":"product_cat-estetica-corporal","7":"product_cat-estetica-facial","9":"first","10":"outofstock","11":"shipping-taxable","12":"purchasable","13":"product-type-variable"},"_links":{"self":[{"href":"https:\/\/artewebmidia.com.br\/infinita\/wp-json\/wp\/v2\/product\/928","targetHints":{"allow":["GET"]}}],"collection":[{"href":"https:\/\/artewebmidia.com.br\/infinita\/wp-json\/wp\/v2\/product"}],"about":[{"href":"https:\/\/artewebmidia.com.br\/infinita\/wp-json\/wp\/v2\/types\/product"}],"replies":[{"embeddable":true,"href":"https:\/\/artewebmidia.com.br\/infinita\/wp-json\/wp\/v2\/comments?post=928"}],"wp:featuredmedia":[{"embeddable":true,"href":"https:\/\/artewebmidia.com.br\/infinita\/wp-json\/wp\/v2\/media\/929"}],"wp:attachment":[{"href":"https:\/\/artewebmidia.com.br\/infinita\/wp-json\/wp\/v2\/media?parent=928"}],"wp:term":[{"taxonomy":"product_brand","embeddable":true,"href":"https:\/\/artewebmidia.com.br\/infinita\/wp-json\/wp\/v2\/product_brand?post=928"},{"taxonomy":"product_cat","embeddable":true,"href":"https:\/\/artewebmidia.com.br\/infinita\/wp-json\/wp\/v2\/product_cat?post=928"},{"taxonomy":"product_tag","embeddable":true,"href":"https:\/\/artewebmidia.com.br\/infinita\/wp-json\/wp\/v2\/product_tag?post=928"}],"curies":[{"name":"wp","href":"https:\/\/api.w.org\/{rel}","templated":true}]}}