{"id":936,"date":"2023-11-09T11:10:12","date_gmt":"2023-11-09T14:10:12","guid":{"rendered":"https:\/\/artewebmidia.com.br\/infinita\/?post_type=product&#038;p=936"},"modified":"2024-09-02T11:32:34","modified_gmt":"2024-09-02T14:32:34","slug":"eco-milk-sun","status":"publish","type":"product","link":"https:\/\/artewebmidia.com.br\/infinita\/produto\/eco-milk-sun\/","title":{"rendered":"ECO MILK SUN 60g"},"content":{"rendered":"<ul>\n<li>Protetor solar Ortomolecular para Reposi\u00e7\u00e3o de Oligoelementos e Oligominerais.<\/li>\n<li>Alta Prote\u00e7\u00e3o F\u00edsica e Biol\u00f3gica.<\/li>\n<li>Toque seco e aveludado na pele.<\/li>\n<li>Extrema a\u00e7\u00e3o Hidratante com\u00c0cido Hialur\u00f4nico.<\/li>\n<li>Combate Rugas e Linhas de Express\u00e3o.<\/li>\n<li>Extremamente Hidratante e Restaurador do Tecido.<\/li>\n<li>Extrema a\u00e7\u00e3o anti-glicante e Potente Rejuvenescedor.<\/li>\n<li>Ativador Enzim\u00e1tico e Auxiliar na fixa\u00e7\u00e3o do Bronzeado.<\/li>\n<li>Perfeito para o dia a dia &amp; Praia.<\/li>\n<li>Perfeito para finalizar procedimentos faciais.<\/li>\n<\/ul>\n","protected":false},"excerpt":{"rendered":"<p>Protetor solar contra radia\u00e7\u00f5es UVA e UVB, 100% fotoest\u00e1vel. Rico em ativos que melhoram o t\u00f4nus e a elasticidade da pele. Finalizador de procedimentos est\u00e9ticos. Toque seco. Produto para pele muito sens\u00edvel \u00e0 queimadura solar. Promove alta prote\u00e7\u00e3o.<\/p>\n<p>60g<\/p>\n","protected":false},"featured_media":1082,"comment_status":"open","ping_status":"closed","template":"","meta":{"_joinchat":[]},"product_brand":[],"product_cat":[21],"product_tag":[],"class_list":{"0":"post-936","1":"product","2":"type-product","3":"status-publish","4":"has-post-thumbnail","6":"product_cat-estetica-facial","8":"first","9":"outofstock","10":"shipping-taxable","11":"purchasable","12":"product-type-simple"},"_links":{"self":[{"href":"https:\/\/artewebmidia.com.br\/infinita\/wp-json\/wp\/v2\/product\/936","targetHints":{"allow":["GET"]}}],"collection":[{"href":"https:\/\/artewebmidia.com.br\/infinita\/wp-json\/wp\/v2\/product"}],"about":[{"href":"https:\/\/artewebmidia.com.br\/infinita\/wp-json\/wp\/v2\/types\/product"}],"replies":[{"embeddable":true,"href":"https:\/\/artewebmidia.com.br\/infinita\/wp-json\/wp\/v2\/comments?post=936"}],"wp:featuredmedia":[{"embeddable":true,"href":"https:\/\/artewebmidia.com.br\/infinita\/wp-json\/wp\/v2\/media\/1082"}],"wp:attachment":[{"href":"https:\/\/artewebmidia.com.br\/infinita\/wp-json\/wp\/v2\/media?parent=936"}],"wp:term":[{"taxonomy":"product_brand","embeddable":true,"href":"https:\/\/artewebmidia.com.br\/infinita\/wp-json\/wp\/v2\/product_brand?post=936"},{"taxonomy":"product_cat","embeddable":true,"href":"https:\/\/artewebmidia.com.br\/infinita\/wp-json\/wp\/v2\/product_cat?post=936"},{"taxonomy":"product_tag","embeddable":true,"href":"https:\/\/artewebmidia.com.br\/infinita\/wp-json\/wp\/v2\/product_tag?post=936"}],"curies":[{"name":"wp","href":"https:\/\/api.w.org\/{rel}","templated":true}]}}