{"id":940,"date":"2023-11-09T11:29:13","date_gmt":"2023-11-09T14:29:13","guid":{"rendered":"https:\/\/artewebmidia.com.br\/infinita\/?post_type=product&#038;p=940"},"modified":"2024-09-02T11:30:04","modified_gmt":"2024-09-02T14:30:04","slug":"flacipress-smart","status":"publish","type":"product","link":"https:\/\/artewebmidia.com.br\/infinita\/produto\/flacipress-smart\/","title":{"rendered":"SMART FLACIPRESS 5 X 5ML &#8211; Smart GR"},"content":{"rendered":"<p>\u2022 Auxilia na redu\u00e7\u00e3o da flacidez.<\/p>\n<p>\u2022 Auxilia no Rejuvenescimento.<\/p>\n<p>\u2022 Auxilia na redu\u00e7\u00e3o de rugas e linhas de express\u00e3o.<\/p>\n<p>\u2022 Melhora a hidrata\u00e7\u00e3o e a elasticidade da pele.<\/p>\n","protected":false},"excerpt":{"rendered":"<p>Ideal para combater flacidez, rugas e o envelhecimento cut\u00e2neo, o fluido concentrado Smart Flacipress Micro \u00e9 uma monodose que cont\u00e9m a tecnologia exclusiva Smart Ozonedeep, a combina\u00e7\u00e3o perfeita de \u00f3leos ozonizados. O Smart Flacipress Micro \u00e9 enriquecido com \u00c1cido Hialur\u00f4nico, Densiskin, DMAE, Ch\u00e1 Verde e Vitamina E, al\u00e9m de Magn\u00e9sio, Pot\u00e1ssio e Amino\u00e1cidos, que auxiliam na luta contra o envelhecimento cut\u00e2neo, promovendo hidrata\u00e7\u00e3o, minimizando linhas de express\u00e3o e aumentando significativamente a firmeza da pele em geral.<\/p>\n","protected":false},"featured_media":941,"comment_status":"open","ping_status":"closed","template":"","meta":{"_joinchat":[]},"product_brand":[],"product_cat":[22],"product_tag":[],"class_list":{"0":"post-940","1":"product","2":"type-product","3":"status-publish","4":"has-post-thumbnail","6":"product_cat-estetica-corporal","8":"first","9":"instock","10":"shipping-taxable","11":"purchasable","12":"product-type-simple"},"_links":{"self":[{"href":"https:\/\/artewebmidia.com.br\/infinita\/wp-json\/wp\/v2\/product\/940","targetHints":{"allow":["GET"]}}],"collection":[{"href":"https:\/\/artewebmidia.com.br\/infinita\/wp-json\/wp\/v2\/product"}],"about":[{"href":"https:\/\/artewebmidia.com.br\/infinita\/wp-json\/wp\/v2\/types\/product"}],"replies":[{"embeddable":true,"href":"https:\/\/artewebmidia.com.br\/infinita\/wp-json\/wp\/v2\/comments?post=940"}],"wp:featuredmedia":[{"embeddable":true,"href":"https:\/\/artewebmidia.com.br\/infinita\/wp-json\/wp\/v2\/media\/941"}],"wp:attachment":[{"href":"https:\/\/artewebmidia.com.br\/infinita\/wp-json\/wp\/v2\/media?parent=940"}],"wp:term":[{"taxonomy":"product_brand","embeddable":true,"href":"https:\/\/artewebmidia.com.br\/infinita\/wp-json\/wp\/v2\/product_brand?post=940"},{"taxonomy":"product_cat","embeddable":true,"href":"https:\/\/artewebmidia.com.br\/infinita\/wp-json\/wp\/v2\/product_cat?post=940"},{"taxonomy":"product_tag","embeddable":true,"href":"https:\/\/artewebmidia.com.br\/infinita\/wp-json\/wp\/v2\/product_tag?post=940"}],"curies":[{"name":"wp","href":"https:\/\/api.w.org\/{rel}","templated":true}]}}