{"id":945,"date":"2023-11-09T11:41:31","date_gmt":"2023-11-09T14:41:31","guid":{"rendered":"https:\/\/artewebmidia.com.br\/infinita\/?post_type=product&#038;p=945"},"modified":"2024-09-02T11:29:12","modified_gmt":"2024-09-02T14:29:12","slug":"smart-regener-strill-5-x-5ml-smart-gr","status":"publish","type":"product","link":"https:\/\/artewebmidia.com.br\/infinita\/produto\/smart-regener-strill-5-x-5ml-smart-gr\/","title":{"rendered":"SMART REGENER STRILL 5 X 5ML &#8211; Smart GR"},"content":{"rendered":"<p>\u2022 Procedimentos est\u00e9ticos faciais e corporais que necessitem de regenera\u00e7\u00e3o tecidual como estrias, rugas profundas e sequelas de acne.<\/p>\n<p>\u2022 Contribui para uniformiza\u00e7\u00e3o e firmeza da pele.<\/p>\n<p>\u2022 Reduz sequelas de acne, estrias e rugas profundas.<\/p>\n","protected":false},"excerpt":{"rendered":"<p>Smart Regener Strill fluido concentrado \u00e9 um ativo de alta performance que auxilia na regenera\u00e7\u00e3o do tecido cicatricial, estimulando a produ\u00e7\u00e3o de col\u00e1geno e elastina, garantindo mais maleabilidade ao tecido e contribuindo para a melhora do aspecto da pele.<\/p>\n","protected":false},"featured_media":946,"comment_status":"open","ping_status":"closed","template":"","meta":{"_joinchat":[]},"product_brand":[],"product_cat":[22],"product_tag":[],"class_list":{"0":"post-945","1":"product","2":"type-product","3":"status-publish","4":"has-post-thumbnail","6":"product_cat-estetica-corporal","8":"first","9":"instock","10":"shipping-taxable","11":"purchasable","12":"product-type-simple"},"_links":{"self":[{"href":"https:\/\/artewebmidia.com.br\/infinita\/wp-json\/wp\/v2\/product\/945","targetHints":{"allow":["GET"]}}],"collection":[{"href":"https:\/\/artewebmidia.com.br\/infinita\/wp-json\/wp\/v2\/product"}],"about":[{"href":"https:\/\/artewebmidia.com.br\/infinita\/wp-json\/wp\/v2\/types\/product"}],"replies":[{"embeddable":true,"href":"https:\/\/artewebmidia.com.br\/infinita\/wp-json\/wp\/v2\/comments?post=945"}],"wp:featuredmedia":[{"embeddable":true,"href":"https:\/\/artewebmidia.com.br\/infinita\/wp-json\/wp\/v2\/media\/946"}],"wp:attachment":[{"href":"https:\/\/artewebmidia.com.br\/infinita\/wp-json\/wp\/v2\/media?parent=945"}],"wp:term":[{"taxonomy":"product_brand","embeddable":true,"href":"https:\/\/artewebmidia.com.br\/infinita\/wp-json\/wp\/v2\/product_brand?post=945"},{"taxonomy":"product_cat","embeddable":true,"href":"https:\/\/artewebmidia.com.br\/infinita\/wp-json\/wp\/v2\/product_cat?post=945"},{"taxonomy":"product_tag","embeddable":true,"href":"https:\/\/artewebmidia.com.br\/infinita\/wp-json\/wp\/v2\/product_tag?post=945"}],"curies":[{"name":"wp","href":"https:\/\/api.w.org\/{rel}","templated":true}]}}