{"id":947,"date":"2023-11-09T11:47:12","date_gmt":"2023-11-09T14:47:12","guid":{"rendered":"https:\/\/artewebmidia.com.br\/infinita\/?post_type=product&#038;p=947"},"modified":"2024-09-02T11:28:31","modified_gmt":"2024-09-02T14:28:31","slug":"smart-booster-press-5-x-5-ml-smart-gr","status":"publish","type":"product","link":"https:\/\/artewebmidia.com.br\/infinita\/produto\/smart-booster-press-5-x-5-ml-smart-gr\/","title":{"rendered":"SMART BOOSTER PRESS 5 x 5 Ml \u2013 Smart GR"},"content":{"rendered":"<p>\u2022 Procedimentos est\u00e9ticos faciais e corporais para recupera\u00e7\u00e3o da hidrata\u00e7\u00e3o profunda<\/p>\n<p>\u2022 Est\u00edmulo da produ\u00e7\u00e3o de col\u00e1geno<\/p>\n<p>\u2022 Restaura\u00e7\u00e3o da firmeza geral da pele<\/p>\n<p>\u2022 Melhora no contorno facial \u2022 Suaviza\u00e7\u00e3o dos sinais de envelhecimento<\/p>\n<p>\u2022 Melhora a elasticidade da pele<\/p>\n<p>\u2022 A\u00e7\u00e3o antirrugas e regeneradora<\/p>\n<p>\u2022 Reduz linhas de express\u00e3o<\/p>\n<p>\u2022 Promove a hidrata\u00e7\u00e3o da pele<\/p>\n<p>\u2022 Aumenta a produ\u00e7\u00e3o de melatonina<\/p>\n","protected":false},"excerpt":{"rendered":"<p>Smart Booster Press Pro Melatonina \u00e9 um ativo concentrado com a\u00e7\u00e3o hidratante e anti-idade, que auxilia na a\u00e7\u00e3o dermorelax e anti fadiga celular. Contribui para a redu\u00e7\u00e3o de rugas e linhas de express\u00e3o, al\u00e9m de proporcionar firmeza na pele, ajudando na produ\u00e7\u00e3o de col\u00e1geno e elastina, auxiliando no antienvelhecimento da pele.<\/p>\n","protected":false},"featured_media":948,"comment_status":"open","ping_status":"closed","template":"","meta":{"_joinchat":[]},"product_brand":[],"product_cat":[22,21],"product_tag":[],"class_list":{"0":"post-947","1":"product","2":"type-product","3":"status-publish","4":"has-post-thumbnail","6":"product_cat-estetica-corporal","7":"product_cat-estetica-facial","9":"first","10":"instock","11":"shipping-taxable","12":"purchasable","13":"product-type-simple"},"_links":{"self":[{"href":"https:\/\/artewebmidia.com.br\/infinita\/wp-json\/wp\/v2\/product\/947","targetHints":{"allow":["GET"]}}],"collection":[{"href":"https:\/\/artewebmidia.com.br\/infinita\/wp-json\/wp\/v2\/product"}],"about":[{"href":"https:\/\/artewebmidia.com.br\/infinita\/wp-json\/wp\/v2\/types\/product"}],"replies":[{"embeddable":true,"href":"https:\/\/artewebmidia.com.br\/infinita\/wp-json\/wp\/v2\/comments?post=947"}],"wp:featuredmedia":[{"embeddable":true,"href":"https:\/\/artewebmidia.com.br\/infinita\/wp-json\/wp\/v2\/media\/948"}],"wp:attachment":[{"href":"https:\/\/artewebmidia.com.br\/infinita\/wp-json\/wp\/v2\/media?parent=947"}],"wp:term":[{"taxonomy":"product_brand","embeddable":true,"href":"https:\/\/artewebmidia.com.br\/infinita\/wp-json\/wp\/v2\/product_brand?post=947"},{"taxonomy":"product_cat","embeddable":true,"href":"https:\/\/artewebmidia.com.br\/infinita\/wp-json\/wp\/v2\/product_cat?post=947"},{"taxonomy":"product_tag","embeddable":true,"href":"https:\/\/artewebmidia.com.br\/infinita\/wp-json\/wp\/v2\/product_tag?post=947"}],"curies":[{"name":"wp","href":"https:\/\/api.w.org\/{rel}","templated":true}]}}