{"id":950,"date":"2023-11-09T11:55:06","date_gmt":"2023-11-09T14:55:06","guid":{"rendered":"https:\/\/artewebmidia.com.br\/infinita\/?post_type=product&#038;p=950"},"modified":"2024-09-02T11:27:07","modified_gmt":"2024-09-02T14:27:07","slug":"smart-lips-care-5-x-3-ml-smart-gr","status":"publish","type":"product","link":"https:\/\/artewebmidia.com.br\/infinita\/produto\/smart-lips-care-5-x-3-ml-smart-gr\/","title":{"rendered":"LIPS CARE 5 x 3 ML &#8211; Smart GR"},"content":{"rendered":"<p>\u2022 Procedimentos est\u00e9ticos para l\u00e1bios de pouco volume, ressecados e\/ou com perda de contorno<\/p>\n<p>\u2022 Proporciona melhor contorno dos l\u00e1bios<\/p>\n<p>\u2022 Auxilia no aumento do volume labial<\/p>\n<p>\u2022 Hidrata e revitaliza<\/p>\n<p>\u2022 Suaviza linhas de envelhecimento<\/p>\n<p>\u2022 Previne o ressecamento dos l\u00e1bios.<\/p>\n","protected":false},"excerpt":{"rendered":"<p>Smart Lips Care Hidratante Labial \u00e9 um fluido concentrado para hidrata\u00e7\u00e3o profunda e aumento de volume labial atrav\u00e9s da a\u00e7\u00e3o pr\u00f3-adipog\u00eanica, restaurando a arquitetura natural e proporcionando uma apar\u00eancia mais saud\u00e1vel para os l\u00e1bios.<\/p>\n","protected":false},"featured_media":952,"comment_status":"open","ping_status":"closed","template":"","meta":{"_joinchat":[]},"product_brand":[],"product_cat":[21],"product_tag":[],"class_list":{"0":"post-950","1":"product","2":"type-product","3":"status-publish","4":"has-post-thumbnail","6":"product_cat-estetica-facial","8":"first","9":"instock","10":"shipping-taxable","11":"purchasable","12":"product-type-simple"},"_links":{"self":[{"href":"https:\/\/artewebmidia.com.br\/infinita\/wp-json\/wp\/v2\/product\/950","targetHints":{"allow":["GET"]}}],"collection":[{"href":"https:\/\/artewebmidia.com.br\/infinita\/wp-json\/wp\/v2\/product"}],"about":[{"href":"https:\/\/artewebmidia.com.br\/infinita\/wp-json\/wp\/v2\/types\/product"}],"replies":[{"embeddable":true,"href":"https:\/\/artewebmidia.com.br\/infinita\/wp-json\/wp\/v2\/comments?post=950"}],"wp:featuredmedia":[{"embeddable":true,"href":"https:\/\/artewebmidia.com.br\/infinita\/wp-json\/wp\/v2\/media\/952"}],"wp:attachment":[{"href":"https:\/\/artewebmidia.com.br\/infinita\/wp-json\/wp\/v2\/media?parent=950"}],"wp:term":[{"taxonomy":"product_brand","embeddable":true,"href":"https:\/\/artewebmidia.com.br\/infinita\/wp-json\/wp\/v2\/product_brand?post=950"},{"taxonomy":"product_cat","embeddable":true,"href":"https:\/\/artewebmidia.com.br\/infinita\/wp-json\/wp\/v2\/product_cat?post=950"},{"taxonomy":"product_tag","embeddable":true,"href":"https:\/\/artewebmidia.com.br\/infinita\/wp-json\/wp\/v2\/product_tag?post=950"}],"curies":[{"name":"wp","href":"https:\/\/api.w.org\/{rel}","templated":true}]}}