{"id":954,"date":"2023-11-09T12:00:28","date_gmt":"2023-11-09T15:00:28","guid":{"rendered":"https:\/\/artewebmidia.com.br\/infinita\/?post_type=product&#038;p=954"},"modified":"2024-09-02T11:25:33","modified_gmt":"2024-09-02T14:25:33","slug":"smarthair-micro-5-x-5-ml-smart-gr","status":"publish","type":"product","link":"https:\/\/artewebmidia.com.br\/infinita\/produto\/smarthair-micro-5-x-5-ml-smart-gr\/","title":{"rendered":"SMART HAIR PRESS 5 x 5 ML &#8211; Smart GR"},"content":{"rendered":"<p>Hair Press &#8211; Fluido Capilar Anti Queda \u00e9 um blend rico em vitaminas, pept\u00eddeos e oligoelementos, que contribuem para o est\u00edmulo do crescimento dos fios e para o aumento da densidade dos fol\u00edculos, minimizando a queda capilar e colaborando para o aumento do volume e melhora da qualidade dos fios no couro cabeludo.<\/p>\n<p><strong>Principais indica\u00e7\u00f5es:\u00a0<\/strong><\/p>\n<p><strong>\u2022<\/strong>\u00a0Contribui para a redu\u00e7\u00e3o de queda<\/p>\n<p><strong>\u2022<\/strong>\u00a0Auxilia no fortalecimento dos fios<\/p>\n<p><strong>\u2022<\/strong>\u00a0Ajuda no crescimento capilar<\/p>\n<p><strong>Principais ingredientes:<\/strong><\/p>\n<p><strong>\u2022<\/strong>\u00a0Auxina tric\u00f3gena<\/p>\n<p><strong>\u2022<\/strong>\u00a0Capilia longa<\/p>\n","protected":false},"excerpt":{"rendered":"<p>Desenvolvido pela smartGr para tratamentos est\u00e9ticos que auxiliam na redu\u00e7\u00e3o da queda, aumento do volume e melhora da qualidade do fio no couro cabeludo.<\/p>\n","protected":false},"featured_media":955,"comment_status":"open","ping_status":"closed","template":"","meta":{"_joinchat":[]},"product_brand":[],"product_cat":[23],"product_tag":[],"class_list":{"0":"post-954","1":"product","2":"type-product","3":"status-publish","4":"has-post-thumbnail","6":"product_cat-cabelo","8":"first","9":"instock","10":"shipping-taxable","11":"purchasable","12":"product-type-simple"},"_links":{"self":[{"href":"https:\/\/artewebmidia.com.br\/infinita\/wp-json\/wp\/v2\/product\/954","targetHints":{"allow":["GET"]}}],"collection":[{"href":"https:\/\/artewebmidia.com.br\/infinita\/wp-json\/wp\/v2\/product"}],"about":[{"href":"https:\/\/artewebmidia.com.br\/infinita\/wp-json\/wp\/v2\/types\/product"}],"replies":[{"embeddable":true,"href":"https:\/\/artewebmidia.com.br\/infinita\/wp-json\/wp\/v2\/comments?post=954"}],"wp:featuredmedia":[{"embeddable":true,"href":"https:\/\/artewebmidia.com.br\/infinita\/wp-json\/wp\/v2\/media\/955"}],"wp:attachment":[{"href":"https:\/\/artewebmidia.com.br\/infinita\/wp-json\/wp\/v2\/media?parent=954"}],"wp:term":[{"taxonomy":"product_brand","embeddable":true,"href":"https:\/\/artewebmidia.com.br\/infinita\/wp-json\/wp\/v2\/product_brand?post=954"},{"taxonomy":"product_cat","embeddable":true,"href":"https:\/\/artewebmidia.com.br\/infinita\/wp-json\/wp\/v2\/product_cat?post=954"},{"taxonomy":"product_tag","embeddable":true,"href":"https:\/\/artewebmidia.com.br\/infinita\/wp-json\/wp\/v2\/product_tag?post=954"}],"curies":[{"name":"wp","href":"https:\/\/api.w.org\/{rel}","templated":true}]}}