{"id":957,"date":"2023-11-10T10:04:21","date_gmt":"2023-11-10T13:04:21","guid":{"rendered":"https:\/\/artewebmidia.com.br\/infinita\/?post_type=product&#038;p=957"},"modified":"2024-01-25T09:50:51","modified_gmt":"2024-01-25T12:50:51","slug":"volupress-fluido-facial-anti-age-5x-8ml-smart-gr","status":"publish","type":"product","link":"https:\/\/artewebmidia.com.br\/infinita\/produto\/volupress-fluido-facial-anti-age-5x-8ml-smart-gr\/","title":{"rendered":"VOLUPRESS Flu\u00eddo Facial Anti-Age 5X 8ML &#8211; Smart GR"},"content":{"rendered":"<p>\u2022 Procedimentos est\u00e9ticos faciais e corporais que necessitem de hidrata\u00e7\u00e3o<\/p>\n<p>\u2022 Auxilia na melhora do t\u00f4nus tissular<\/p>\n<p>\u2022 Revitaliza\u00e7\u00e3o cut\u00e2nea<\/p>\n<p>\u2022 Suaviza\u00e7\u00e3o das rugas de express\u00e3o<\/p>\n<p>\u2022 Auxilia na redu\u00e7\u00e3o de rugas e linhas de express\u00e3o<\/p>\n<p>\u2022 Estimula a s\u00edntese de col\u00e1geno<\/p>\n<p>\u2022 Auxilia na melhora da elasticidade da pele<\/p>\n<p>\u2022\u00a0A\u00e7\u00e3o hidratante<\/p>\n<p>\u2022 A\u00e7\u00e3o anti-idade.<\/p>\n","protected":false},"excerpt":{"rendered":"<p>O Volupress Fluido Facial Anti-Age possui alta a\u00e7\u00e3o hidratante, estimula a s\u00edntese de col\u00e1geno, com a\u00e7\u00e3o anti-idade, melhora rugas e linhas de express\u00e3o, promovendo melhora do aspecto geral da pele.<\/p>\n","protected":false},"featured_media":958,"comment_status":"open","ping_status":"closed","template":"","meta":{"_joinchat":[]},"product_brand":[],"product_cat":[21],"product_tag":[],"class_list":{"0":"post-957","1":"product","2":"type-product","3":"status-publish","4":"has-post-thumbnail","6":"product_cat-estetica-facial","8":"first","9":"outofstock","10":"shipping-taxable","11":"purchasable","12":"product-type-simple"},"_links":{"self":[{"href":"https:\/\/artewebmidia.com.br\/infinita\/wp-json\/wp\/v2\/product\/957","targetHints":{"allow":["GET"]}}],"collection":[{"href":"https:\/\/artewebmidia.com.br\/infinita\/wp-json\/wp\/v2\/product"}],"about":[{"href":"https:\/\/artewebmidia.com.br\/infinita\/wp-json\/wp\/v2\/types\/product"}],"replies":[{"embeddable":true,"href":"https:\/\/artewebmidia.com.br\/infinita\/wp-json\/wp\/v2\/comments?post=957"}],"wp:featuredmedia":[{"embeddable":true,"href":"https:\/\/artewebmidia.com.br\/infinita\/wp-json\/wp\/v2\/media\/958"}],"wp:attachment":[{"href":"https:\/\/artewebmidia.com.br\/infinita\/wp-json\/wp\/v2\/media?parent=957"}],"wp:term":[{"taxonomy":"product_brand","embeddable":true,"href":"https:\/\/artewebmidia.com.br\/infinita\/wp-json\/wp\/v2\/product_brand?post=957"},{"taxonomy":"product_cat","embeddable":true,"href":"https:\/\/artewebmidia.com.br\/infinita\/wp-json\/wp\/v2\/product_cat?post=957"},{"taxonomy":"product_tag","embeddable":true,"href":"https:\/\/artewebmidia.com.br\/infinita\/wp-json\/wp\/v2\/product_tag?post=957"}],"curies":[{"name":"wp","href":"https:\/\/api.w.org\/{rel}","templated":true}]}}