{"id":960,"date":"2023-11-10T10:11:29","date_gmt":"2023-11-10T13:11:29","guid":{"rendered":"https:\/\/artewebmidia.com.br\/infinita\/?post_type=product&#038;p=960"},"modified":"2023-11-10T10:12:44","modified_gmt":"2023-11-10T13:12:44","slug":"peptide-skin-5-x-5ml-smart-gr","status":"publish","type":"product","link":"https:\/\/artewebmidia.com.br\/infinita\/produto\/peptide-skin-5-x-5ml-smart-gr\/","title":{"rendered":"PEPTIDE SKIN  5 X 5ML &#8211; Smart GR"},"content":{"rendered":"<p>\u2022 Procedimentos est\u00e9ticos para redu\u00e7\u00e3o de rugas din\u00e2micas, melhora do contorno facial e antirrugas<\/p>\n<p>\u2022 Redu\u00e7\u00e3o das rugas din\u00e2micas<\/p>\n<p>\u2022 A\u00e7\u00e3o Pro Age<\/p>\n<p>\u2022 A\u00e7\u00e3o Dermorelax<\/p>\n<p>\u2022 Melhora do contorno facial<\/p>\n<p>\u2022 Suaviza\u00e7\u00e3o das rugas gravitacionais.<\/p>\n","protected":false},"excerpt":{"rendered":"<p>O Smart Fluido Peptide Skin \u00e9 uma monodose com a\u00e7\u00e3o Pro Age que reduz rugas e linhas de express\u00e3o. Possui uma combina\u00e7\u00e3o de pept\u00eddeos que auxilia na redu\u00e7\u00e3o da profundidade das rugas, previne o envelhecimento cut\u00e2neo e induz a produ\u00e7\u00e3o de col\u00e1geno, auxilia na hidrata\u00e7\u00e3o e diminui\u00e7\u00e3o de poros dilatados.<\/p>\n","protected":false},"featured_media":961,"comment_status":"open","ping_status":"closed","template":"","meta":{"_joinchat":[]},"product_brand":[],"product_cat":[21],"product_tag":[],"class_list":{"0":"post-960","1":"product","2":"type-product","3":"status-publish","4":"has-post-thumbnail","6":"product_cat-estetica-facial","8":"first","9":"instock","10":"shipping-taxable","11":"purchasable","12":"product-type-simple"},"_links":{"self":[{"href":"https:\/\/artewebmidia.com.br\/infinita\/wp-json\/wp\/v2\/product\/960","targetHints":{"allow":["GET"]}}],"collection":[{"href":"https:\/\/artewebmidia.com.br\/infinita\/wp-json\/wp\/v2\/product"}],"about":[{"href":"https:\/\/artewebmidia.com.br\/infinita\/wp-json\/wp\/v2\/types\/product"}],"replies":[{"embeddable":true,"href":"https:\/\/artewebmidia.com.br\/infinita\/wp-json\/wp\/v2\/comments?post=960"}],"wp:featuredmedia":[{"embeddable":true,"href":"https:\/\/artewebmidia.com.br\/infinita\/wp-json\/wp\/v2\/media\/961"}],"wp:attachment":[{"href":"https:\/\/artewebmidia.com.br\/infinita\/wp-json\/wp\/v2\/media?parent=960"}],"wp:term":[{"taxonomy":"product_brand","embeddable":true,"href":"https:\/\/artewebmidia.com.br\/infinita\/wp-json\/wp\/v2\/product_brand?post=960"},{"taxonomy":"product_cat","embeddable":true,"href":"https:\/\/artewebmidia.com.br\/infinita\/wp-json\/wp\/v2\/product_cat?post=960"},{"taxonomy":"product_tag","embeddable":true,"href":"https:\/\/artewebmidia.com.br\/infinita\/wp-json\/wp\/v2\/product_tag?post=960"}],"curies":[{"name":"wp","href":"https:\/\/api.w.org\/{rel}","templated":true}]}}