{"id":966,"date":"2023-11-10T10:47:52","date_gmt":"2023-11-10T13:47:52","guid":{"rendered":"https:\/\/artewebmidia.com.br\/infinita\/?post_type=product&#038;p=966"},"modified":"2024-04-02T11:16:31","modified_gmt":"2024-04-02T14:16:31","slug":"hyaluclar-micro-5-x-5ml-smart-gr","status":"publish","type":"product","link":"https:\/\/artewebmidia.com.br\/infinita\/produto\/hyaluclar-micro-5-x-5ml-smart-gr\/","title":{"rendered":"HYALUCLAR MICRO 5 X 5ML &#8211; Smart GR"},"content":{"rendered":"<ul>\n<li>Auxiliar nos procedimentos est\u00e9ticos faciais, corporais e \u00edntimos com o objetivo de uniformizar a pele<\/li>\n<li>Ajuda no clareamento cut\u00e2neo<\/li>\n<li>Uniformiza\u00e7\u00e3o da tonalidade cut\u00e2nea em todos os tipos de pele<\/li>\n<li>Auxilia na renova\u00e7\u00e3o celular, reduzindo os sinais do envelhecimento e ajudando a manter o aspecto geral da pele<\/li>\n<\/ul>\n","protected":false},"excerpt":{"rendered":"<p>Fluido concentrado clareador cut\u00e2neo com m\u00faltiplos mecanismos de a\u00e7\u00e3o, que agem em v\u00e1rias fases da melanog\u00eanese. Auxilia no clareamento e uniformiza\u00e7\u00e3o da tonalidade de todos os tipos de pele e est\u00edmulo da renova\u00e7\u00e3o celular, al\u00e9m de auxiliar na inibi\u00e7\u00e3o da s\u00edntese de melanina.<\/p>\n","protected":false},"featured_media":967,"comment_status":"open","ping_status":"closed","template":"","meta":{"_joinchat":[]},"product_brand":[],"product_cat":[22,21],"product_tag":[],"class_list":{"0":"post-966","1":"product","2":"type-product","3":"status-publish","4":"has-post-thumbnail","6":"product_cat-estetica-corporal","7":"product_cat-estetica-facial","9":"first","10":"instock","11":"shipping-taxable","12":"purchasable","13":"product-type-simple"},"_links":{"self":[{"href":"https:\/\/artewebmidia.com.br\/infinita\/wp-json\/wp\/v2\/product\/966","targetHints":{"allow":["GET"]}}],"collection":[{"href":"https:\/\/artewebmidia.com.br\/infinita\/wp-json\/wp\/v2\/product"}],"about":[{"href":"https:\/\/artewebmidia.com.br\/infinita\/wp-json\/wp\/v2\/types\/product"}],"replies":[{"embeddable":true,"href":"https:\/\/artewebmidia.com.br\/infinita\/wp-json\/wp\/v2\/comments?post=966"}],"wp:featuredmedia":[{"embeddable":true,"href":"https:\/\/artewebmidia.com.br\/infinita\/wp-json\/wp\/v2\/media\/967"}],"wp:attachment":[{"href":"https:\/\/artewebmidia.com.br\/infinita\/wp-json\/wp\/v2\/media?parent=966"}],"wp:term":[{"taxonomy":"product_brand","embeddable":true,"href":"https:\/\/artewebmidia.com.br\/infinita\/wp-json\/wp\/v2\/product_brand?post=966"},{"taxonomy":"product_cat","embeddable":true,"href":"https:\/\/artewebmidia.com.br\/infinita\/wp-json\/wp\/v2\/product_cat?post=966"},{"taxonomy":"product_tag","embeddable":true,"href":"https:\/\/artewebmidia.com.br\/infinita\/wp-json\/wp\/v2\/product_tag?post=966"}],"curies":[{"name":"wp","href":"https:\/\/api.w.org\/{rel}","templated":true}]}}