{"id":971,"date":"2023-11-10T11:07:43","date_gmt":"2023-11-10T14:07:43","guid":{"rendered":"https:\/\/artewebmidia.com.br\/infinita\/?post_type=product&#038;p=971"},"modified":"2024-04-02T11:14:42","modified_gmt":"2024-04-02T14:14:42","slug":"smart-mesoeffect-micro-5-x-5ml-smart-gr","status":"publish","type":"product","link":"https:\/\/artewebmidia.com.br\/infinita\/produto\/smart-mesoeffect-micro-5-x-5ml-smart-gr\/","title":{"rendered":"SMART MESOEFFECT MICRO 5 X 5ML Smart GR"},"content":{"rendered":"<ul>\n<li>Procedimentos est\u00e9ticos faciais para redu\u00e7\u00e3o de linhas de express\u00e3o e rugas<\/li>\n<li>Diminui\u00e7\u00e3o de poros, devolvendo o aspecto liso \u00e0 pele<\/li>\n<li>Controle de oleosidade; Rejuvenescimento<\/li>\n<li>Efeito Dermorelax da pele<\/li>\n<li>A\u00e7\u00e3o Anti-Age<\/li>\n<li>Auxilia na produ\u00e7\u00e3o de col\u00e1geno<\/li>\n<li>Auxilia na redu\u00e7\u00e3o de rugas e linhas din\u00e2micas<\/li>\n<li>Desintoxicante e anti fadiga celular.<\/li>\n<\/ul>\n","protected":false},"excerpt":{"rendered":"<p>Smart Mesoeffect Micro \u00e9 um fluido concentrado anti rugas de a\u00e7\u00e3o dermorelax, desenvolvido com pept\u00eddeos de alta performance que promovem relaxamento d\u00e9rmico, melhorando a apar\u00eancia das express\u00f5es faciais, auxiliando na redu\u00e7\u00e3o de linhas e rugas.<\/p>\n","protected":false},"featured_media":972,"comment_status":"open","ping_status":"closed","template":"","meta":{"_joinchat":[]},"product_brand":[],"product_cat":[21],"product_tag":[],"class_list":{"0":"post-971","1":"product","2":"type-product","3":"status-publish","4":"has-post-thumbnail","6":"product_cat-estetica-facial","8":"first","9":"instock","10":"shipping-taxable","11":"purchasable","12":"product-type-simple"},"_links":{"self":[{"href":"https:\/\/artewebmidia.com.br\/infinita\/wp-json\/wp\/v2\/product\/971","targetHints":{"allow":["GET"]}}],"collection":[{"href":"https:\/\/artewebmidia.com.br\/infinita\/wp-json\/wp\/v2\/product"}],"about":[{"href":"https:\/\/artewebmidia.com.br\/infinita\/wp-json\/wp\/v2\/types\/product"}],"replies":[{"embeddable":true,"href":"https:\/\/artewebmidia.com.br\/infinita\/wp-json\/wp\/v2\/comments?post=971"}],"wp:featuredmedia":[{"embeddable":true,"href":"https:\/\/artewebmidia.com.br\/infinita\/wp-json\/wp\/v2\/media\/972"}],"wp:attachment":[{"href":"https:\/\/artewebmidia.com.br\/infinita\/wp-json\/wp\/v2\/media?parent=971"}],"wp:term":[{"taxonomy":"product_brand","embeddable":true,"href":"https:\/\/artewebmidia.com.br\/infinita\/wp-json\/wp\/v2\/product_brand?post=971"},{"taxonomy":"product_cat","embeddable":true,"href":"https:\/\/artewebmidia.com.br\/infinita\/wp-json\/wp\/v2\/product_cat?post=971"},{"taxonomy":"product_tag","embeddable":true,"href":"https:\/\/artewebmidia.com.br\/infinita\/wp-json\/wp\/v2\/product_tag?post=971"}],"curies":[{"name":"wp","href":"https:\/\/api.w.org\/{rel}","templated":true}]}}