{"id":984,"date":"2023-11-13T09:22:08","date_gmt":"2023-11-13T12:22:08","guid":{"rendered":"https:\/\/artewebmidia.com.br\/infinita\/?post_type=product&#038;p=984"},"modified":"2024-09-02T11:13:10","modified_gmt":"2024-09-02T14:13:10","slug":"smart-booster-creme-de-acido-hialuronico-30g-smart-gr","status":"publish","type":"product","link":"https:\/\/artewebmidia.com.br\/infinita\/produto\/smart-booster-creme-de-acido-hialuronico-30g-smart-gr\/","title":{"rendered":"SMART BOOSTER \u2013 Creme de \u00c1cido Hialur\u00f4nico 30g &#8211; Smart GR"},"content":{"rendered":"<p>\u2022 Hidrata\u00e7\u00e3o profunda da pele. \u2022 Contribui para a redu\u00e7\u00e3o de rugas e linhas de express\u00e3o.<\/p>\n<p>\u2022 AQUAPORINE<\/p>\n<p>\u2022 \u00c1cido Hialur\u00f4nico &#8211;\u00a0 O \u00e1cido hialur\u00f4nico \u00e9 uma subst\u00e2ncia naturalmente presente na pele, respons\u00e1vel por manter sua hidrata\u00e7\u00e3o e elasticidade. Com o passar do tempo e devido a fatores ambientais, a produ\u00e7\u00e3o de \u00e1cido hialur\u00f4nico pelo corpo tende a diminuir, o que pode levar ao ressecamento e ao aparecimento de sinais de envelhecimento, como rugas e linhas de express\u00e3o. Ao utilizar o creme de \u00c1cido Hialur\u00f4nico Smart Booster, a pele recebe uma dose extra desse poderoso hidratante, ajudando a restabelecer sua hidrata\u00e7\u00e3o e melhorar sua apar\u00eancia geral. Com a pele devidamente hidratada, a tend\u00eancia \u00e9 que as rugas e linhas de express\u00e3o sejam suavizadas, proporcionando uma pele mais jovem e revitalizada.<\/p>\n","protected":false},"excerpt":{"rendered":"<p>O creme de \u00c1cido Hialur\u00f4nico da Smart GR \u00e9 especialmente formulado para atender \u00e0s necessidades da pele mais exigente. Sua f\u00f3rmula cont\u00e9m diferentes pesos moleculares de \u00e1cido hialur\u00f4nico, proporcionando uma hidrata\u00e7\u00e3o profunda que contribui para a redu\u00e7\u00e3o de rugas e linhas de express\u00e3o.<\/p>\n","protected":false},"featured_media":988,"comment_status":"open","ping_status":"closed","template":"","meta":{"_joinchat":[]},"product_brand":[],"product_cat":[21],"product_tag":[],"class_list":{"0":"post-984","1":"product","2":"type-product","3":"status-publish","4":"has-post-thumbnail","6":"product_cat-estetica-facial","8":"first","9":"outofstock","10":"shipping-taxable","11":"purchasable","12":"product-type-simple"},"_links":{"self":[{"href":"https:\/\/artewebmidia.com.br\/infinita\/wp-json\/wp\/v2\/product\/984","targetHints":{"allow":["GET"]}}],"collection":[{"href":"https:\/\/artewebmidia.com.br\/infinita\/wp-json\/wp\/v2\/product"}],"about":[{"href":"https:\/\/artewebmidia.com.br\/infinita\/wp-json\/wp\/v2\/types\/product"}],"replies":[{"embeddable":true,"href":"https:\/\/artewebmidia.com.br\/infinita\/wp-json\/wp\/v2\/comments?post=984"}],"wp:featuredmedia":[{"embeddable":true,"href":"https:\/\/artewebmidia.com.br\/infinita\/wp-json\/wp\/v2\/media\/988"}],"wp:attachment":[{"href":"https:\/\/artewebmidia.com.br\/infinita\/wp-json\/wp\/v2\/media?parent=984"}],"wp:term":[{"taxonomy":"product_brand","embeddable":true,"href":"https:\/\/artewebmidia.com.br\/infinita\/wp-json\/wp\/v2\/product_brand?post=984"},{"taxonomy":"product_cat","embeddable":true,"href":"https:\/\/artewebmidia.com.br\/infinita\/wp-json\/wp\/v2\/product_cat?post=984"},{"taxonomy":"product_tag","embeddable":true,"href":"https:\/\/artewebmidia.com.br\/infinita\/wp-json\/wp\/v2\/product_tag?post=984"}],"curies":[{"name":"wp","href":"https:\/\/api.w.org\/{rel}","templated":true}]}}