{"id":989,"date":"2023-11-13T09:39:42","date_gmt":"2023-11-13T12:39:42","guid":{"rendered":"https:\/\/artewebmidia.com.br\/infinita\/?post_type=product&#038;p=989"},"modified":"2024-04-01T09:56:40","modified_gmt":"2024-04-01T12:56:40","slug":"serum-daily-peel-30ml-smart-gr","status":"publish","type":"product","link":"https:\/\/artewebmidia.com.br\/infinita\/produto\/serum-daily-peel-30ml-smart-gr\/","title":{"rendered":"S\u00c9RUM DAILY PEEL 30ML \u2013 Smart GR"},"content":{"rendered":"<p>\u2022 Controle da oleosidade<\/p>\n<p>\u2022 Retra\u00e7\u00e3o de poros<\/p>\n<p>\u2022 Uniformiza\u00e7\u00e3o da pele<\/p>\n<p>\u2022 Auxilia no rejuvenescimento<\/p>\n<p>\u2022 A\u00e7\u00e3o rejuvenescedora<\/p>\n<p>\u2022 Prote\u00e7\u00e3o contra a luz azul e polui\u00e7\u00e3o<\/p>\n<p>\u2022 Uniformiza o tom da pele<\/p>\n<p>\u2022 Hidrata\u00e7\u00e3o.<\/p>\n","protected":false},"excerpt":{"rendered":"<p>O SMART DAILY PEEL \u00e9 um s\u00e9rum para peles normais e mistas, com potente a\u00e7\u00e3o retrator de poros e controle da oleosidade, proporcionando um aspecto de uniformiza\u00e7\u00e3o da pele. Estimula a renova\u00e7\u00e3o celular natural, controlando a oleosidade e mantendo a hidrata\u00e7\u00e3o. Promove hidrata\u00e7\u00e3o, maciez e elasticidade; al\u00e9m de possuir prote\u00e7\u00e3o contra luz azul e antipolui\u00e7\u00e3o.<\/p>\n","protected":false},"featured_media":990,"comment_status":"open","ping_status":"closed","template":"","meta":{"_joinchat":[]},"product_brand":[],"product_cat":[21],"product_tag":[],"class_list":{"0":"post-989","1":"product","2":"type-product","3":"status-publish","4":"has-post-thumbnail","6":"product_cat-estetica-facial","8":"first","9":"outofstock","10":"shipping-taxable","11":"purchasable","12":"product-type-simple"},"_links":{"self":[{"href":"https:\/\/artewebmidia.com.br\/infinita\/wp-json\/wp\/v2\/product\/989","targetHints":{"allow":["GET"]}}],"collection":[{"href":"https:\/\/artewebmidia.com.br\/infinita\/wp-json\/wp\/v2\/product"}],"about":[{"href":"https:\/\/artewebmidia.com.br\/infinita\/wp-json\/wp\/v2\/types\/product"}],"replies":[{"embeddable":true,"href":"https:\/\/artewebmidia.com.br\/infinita\/wp-json\/wp\/v2\/comments?post=989"}],"wp:featuredmedia":[{"embeddable":true,"href":"https:\/\/artewebmidia.com.br\/infinita\/wp-json\/wp\/v2\/media\/990"}],"wp:attachment":[{"href":"https:\/\/artewebmidia.com.br\/infinita\/wp-json\/wp\/v2\/media?parent=989"}],"wp:term":[{"taxonomy":"product_brand","embeddable":true,"href":"https:\/\/artewebmidia.com.br\/infinita\/wp-json\/wp\/v2\/product_brand?post=989"},{"taxonomy":"product_cat","embeddable":true,"href":"https:\/\/artewebmidia.com.br\/infinita\/wp-json\/wp\/v2\/product_cat?post=989"},{"taxonomy":"product_tag","embeddable":true,"href":"https:\/\/artewebmidia.com.br\/infinita\/wp-json\/wp\/v2\/product_tag?post=989"}],"curies":[{"name":"wp","href":"https:\/\/api.w.org\/{rel}","templated":true}]}}