{"id":993,"date":"2023-11-13T09:45:37","date_gmt":"2023-11-13T12:45:37","guid":{"rendered":"https:\/\/artewebmidia.com.br\/infinita\/?post_type=product&#038;p=993"},"modified":"2024-09-02T11:12:26","modified_gmt":"2024-09-02T14:12:26","slug":"smart-ultra-regener-20g-smart-gr","status":"publish","type":"product","link":"https:\/\/artewebmidia.com.br\/infinita\/produto\/smart-ultra-regener-20g-smart-gr\/","title":{"rendered":"SMART ULTRA REGENER 20g &#8211; Smart GR"},"content":{"rendered":"<p>\u2022 Repara\u00e7\u00e3o labial<\/p>\n<p>\u2022 Tratamento de estrias<\/p>\n<p>\u2022 P\u00f3s procedimentos est\u00e9ticos com pele \u00edntegra<\/p>\n<p>\u2022 Ameniza rugas e linhas de express\u00e3o<\/p>\n<p>\u2022 Antioxidante<\/p>\n<p>\u2022 Hidrata\u00e7\u00e3o Intensa<\/p>\n<p>\u2022 Previne e cuida de \u00e1reas ressecadas<\/p>\n","protected":false},"excerpt":{"rendered":"<p>O SMART ULTRA REGENER \u00e9 um creme ultra reparador profissional que pode ser utilizado ap\u00f3s procedimentos est\u00e9ticos faciais e\/ou corporais* ou quando a pele estiver precisando de uma hidrata\u00e7\u00e3o extra. Possui uma poderosa a\u00e7\u00e3o antioxidante, gra\u00e7as \u00e0s vitaminas, pept\u00eddeos bioid\u00eanticos e bio-sacar\u00eddeos presentes em sua f\u00f3rmula, que garantem uma pele nutrida e hidratada. *usar somente em pele \u00edntegra.<\/p>\n","protected":false},"featured_media":994,"comment_status":"open","ping_status":"closed","template":"","meta":{"_joinchat":[]},"product_brand":[],"product_cat":[22,21],"product_tag":[],"class_list":{"0":"post-993","1":"product","2":"type-product","3":"status-publish","4":"has-post-thumbnail","6":"product_cat-estetica-corporal","7":"product_cat-estetica-facial","9":"first","10":"instock","11":"shipping-taxable","12":"purchasable","13":"product-type-simple"},"_links":{"self":[{"href":"https:\/\/artewebmidia.com.br\/infinita\/wp-json\/wp\/v2\/product\/993","targetHints":{"allow":["GET"]}}],"collection":[{"href":"https:\/\/artewebmidia.com.br\/infinita\/wp-json\/wp\/v2\/product"}],"about":[{"href":"https:\/\/artewebmidia.com.br\/infinita\/wp-json\/wp\/v2\/types\/product"}],"replies":[{"embeddable":true,"href":"https:\/\/artewebmidia.com.br\/infinita\/wp-json\/wp\/v2\/comments?post=993"}],"wp:featuredmedia":[{"embeddable":true,"href":"https:\/\/artewebmidia.com.br\/infinita\/wp-json\/wp\/v2\/media\/994"}],"wp:attachment":[{"href":"https:\/\/artewebmidia.com.br\/infinita\/wp-json\/wp\/v2\/media?parent=993"}],"wp:term":[{"taxonomy":"product_brand","embeddable":true,"href":"https:\/\/artewebmidia.com.br\/infinita\/wp-json\/wp\/v2\/product_brand?post=993"},{"taxonomy":"product_cat","embeddable":true,"href":"https:\/\/artewebmidia.com.br\/infinita\/wp-json\/wp\/v2\/product_cat?post=993"},{"taxonomy":"product_tag","embeddable":true,"href":"https:\/\/artewebmidia.com.br\/infinita\/wp-json\/wp\/v2\/product_tag?post=993"}],"curies":[{"name":"wp","href":"https:\/\/api.w.org\/{rel}","templated":true}]}}