{"id":995,"date":"2023-11-13T09:51:39","date_gmt":"2023-11-13T12:51:39","guid":{"rendered":"https:\/\/artewebmidia.com.br\/infinita\/?post_type=product&#038;p=995"},"modified":"2023-11-13T09:51:39","modified_gmt":"2023-11-13T12:51:39","slug":"smart-vita-c-creme-de-vitamina-c-30g-smart-gr","status":"publish","type":"product","link":"https:\/\/artewebmidia.com.br\/infinita\/produto\/smart-vita-c-creme-de-vitamina-c-30g-smart-gr\/","title":{"rendered":"SMART VITA C+ &#8211; CREME DE VITAMINA C 30g &#8211; Smart GR"},"content":{"rendered":"<p>\u2022 Clareamento e ilumina\u00e7\u00e3o da pele<\/p>\n<p>\u2022 A\u00e7\u00e3o antioxidante, combatendo os radicais livres<\/p>\n<p>\u2022 Uniformiza\u00e7\u00e3o do tom da pele<\/p>\n<p>\u2022 Hidrata\u00e7\u00e3o prolongada de at\u00e9 72 horas<\/p>\n<p>\u2022 Toque seco e sensa\u00e7\u00e3o de frescor<\/p>\n<p>\u2022 Tecnologia de secagem r\u00e1pida Aqua Fresh<\/p>\n<p>\u2022 Ideal para ser usado antes da maquiagem.<\/p>\n","protected":false},"excerpt":{"rendered":"<p>O Smart Vita C+ \u00e9 um creme facial completo com a\u00e7\u00e3o clareadora, iluminadora e antioxidante, que promove a uniformiza\u00e7\u00e3o do tom da pele e proporciona hidrata\u00e7\u00e3o por at\u00e9 72 horas com toque seco. Sua f\u00f3rmula possui a exclusiva tecnologia Aqua Fresh de secagem r\u00e1pida, tornando-o ideal para ser utilizado antes da maquiagem.<\/p>\n","protected":false},"featured_media":997,"comment_status":"open","ping_status":"closed","template":"","meta":{"_joinchat":[]},"product_brand":[],"product_cat":[21],"product_tag":[],"class_list":{"0":"post-995","1":"product","2":"type-product","3":"status-publish","4":"has-post-thumbnail","6":"product_cat-estetica-facial","8":"first","9":"instock","10":"shipping-taxable","11":"purchasable","12":"product-type-simple"},"_links":{"self":[{"href":"https:\/\/artewebmidia.com.br\/infinita\/wp-json\/wp\/v2\/product\/995","targetHints":{"allow":["GET"]}}],"collection":[{"href":"https:\/\/artewebmidia.com.br\/infinita\/wp-json\/wp\/v2\/product"}],"about":[{"href":"https:\/\/artewebmidia.com.br\/infinita\/wp-json\/wp\/v2\/types\/product"}],"replies":[{"embeddable":true,"href":"https:\/\/artewebmidia.com.br\/infinita\/wp-json\/wp\/v2\/comments?post=995"}],"wp:featuredmedia":[{"embeddable":true,"href":"https:\/\/artewebmidia.com.br\/infinita\/wp-json\/wp\/v2\/media\/997"}],"wp:attachment":[{"href":"https:\/\/artewebmidia.com.br\/infinita\/wp-json\/wp\/v2\/media?parent=995"}],"wp:term":[{"taxonomy":"product_brand","embeddable":true,"href":"https:\/\/artewebmidia.com.br\/infinita\/wp-json\/wp\/v2\/product_brand?post=995"},{"taxonomy":"product_cat","embeddable":true,"href":"https:\/\/artewebmidia.com.br\/infinita\/wp-json\/wp\/v2\/product_cat?post=995"},{"taxonomy":"product_tag","embeddable":true,"href":"https:\/\/artewebmidia.com.br\/infinita\/wp-json\/wp\/v2\/product_tag?post=995"}],"curies":[{"name":"wp","href":"https:\/\/api.w.org\/{rel}","templated":true}]}}